{"id":855,"date":"2022-12-13T19:16:58","date_gmt":"2022-12-13T19:16:58","guid":{"rendered":"https:\/\/dogspa.com.pt\/loja\/sem%20categoria\/natures-variety-cao-original-hamido-mini-vaca-150g\/"},"modified":"2025-05-28T08:52:08","modified_gmt":"2025-05-28T07:52:08","slug":"natures-variety-cao-original-hamido-mini-vaca-150g","status":"publish","type":"product","link":"https:\/\/dogspa.com.pt\/en\/loja\/cao\/alimentacao\/natures-variety-cao-original-hamido-mini-vaca-150g\/","title":{"rendered":"Nature&#8217;s Variety C\u00e3o Original H\u00famido Mini Vaca 150g"},"content":{"rendered":"","protected":false},"excerpt":{"rendered":"<p>Nature&#8217;s Variety C\u00e3o ORIGINAL H\u00famido Mini Vaca150g NO GRAIN<\/p>\n","protected":false},"featured_media":1019,"comment_status":"open","ping_status":"closed","template":"","meta":[],"product_cat":[25],"product_tag":[],"_links":{"self":[{"href":"https:\/\/dogspa.com.pt\/en\/wp-json\/wp\/v2\/product\/855"}],"collection":[{"href":"https:\/\/dogspa.com.pt\/en\/wp-json\/wp\/v2\/product"}],"about":[{"href":"https:\/\/dogspa.com.pt\/en\/wp-json\/wp\/v2\/types\/product"}],"replies":[{"embeddable":true,"href":"https:\/\/dogspa.com.pt\/en\/wp-json\/wp\/v2\/comments?post=855"}],"wp:featuredmedia":[{"embeddable":true,"href":"https:\/\/dogspa.com.pt\/en\/wp-json\/wp\/v2\/media\/1019"}],"wp:attachment":[{"href":"https:\/\/dogspa.com.pt\/en\/wp-json\/wp\/v2\/media?parent=855"}],"wp:term":[{"taxonomy":"product_cat","embeddable":true,"href":"https:\/\/dogspa.com.pt\/en\/wp-json\/wp\/v2\/product_cat?post=855"},{"taxonomy":"product_tag","embeddable":true,"href":"https:\/\/dogspa.com.pt\/en\/wp-json\/wp\/v2\/product_tag?post=855"}],"curies":[{"name":"wp","href":"https:\/\/api.w.org\/{rel}","templated":true}]}}