{"id":853,"date":"2022-12-13T19:16:58","date_gmt":"2022-12-13T19:16:58","guid":{"rendered":"https:\/\/dogspa.com.pt\/loja\/sem%20categoria\/natures-variety-cao-selected-medium-adult-salmao-10kg\/"},"modified":"2022-12-21T14:22:50","modified_gmt":"2022-12-21T14:22:50","slug":"natures-variety-cao-selected-medium-adult-salmao-10kg","status":"publish","type":"product","link":"https:\/\/dogspa.com.pt\/en\/loja\/cao\/alimentacao\/natures-variety-cao-selected-medium-adult-salmao-10kg\/","title":{"rendered":"Nature&#8217;s Variety C\u00e3o Selected Medium Adult Salm\u00e3o 10kg"},"content":{"rendered":"","protected":false},"excerpt":{"rendered":"<p>Nature&#8217;s Variety C\u00e3o SELECTED Medium Adult Salm\u00e3o Noruega 10kg NO GRAIN<\/p>\n","protected":false},"featured_media":1017,"comment_status":"open","ping_status":"closed","template":"","meta":[],"product_cat":[25],"product_tag":[],"_links":{"self":[{"href":"https:\/\/dogspa.com.pt\/en\/wp-json\/wp\/v2\/product\/853"}],"collection":[{"href":"https:\/\/dogspa.com.pt\/en\/wp-json\/wp\/v2\/product"}],"about":[{"href":"https:\/\/dogspa.com.pt\/en\/wp-json\/wp\/v2\/types\/product"}],"replies":[{"embeddable":true,"href":"https:\/\/dogspa.com.pt\/en\/wp-json\/wp\/v2\/comments?post=853"}],"wp:featuredmedia":[{"embeddable":true,"href":"https:\/\/dogspa.com.pt\/en\/wp-json\/wp\/v2\/media\/1017"}],"wp:attachment":[{"href":"https:\/\/dogspa.com.pt\/en\/wp-json\/wp\/v2\/media?parent=853"}],"wp:term":[{"taxonomy":"product_cat","embeddable":true,"href":"https:\/\/dogspa.com.pt\/en\/wp-json\/wp\/v2\/product_cat?post=853"},{"taxonomy":"product_tag","embeddable":true,"href":"https:\/\/dogspa.com.pt\/en\/wp-json\/wp\/v2\/product_tag?post=853"}],"curies":[{"name":"wp","href":"https:\/\/api.w.org\/{rel}","templated":true}]}}