{"id":851,"date":"2022-12-13T19:16:57","date_gmt":"2022-12-13T19:16:57","guid":{"rendered":"https:\/\/dogspa.com.pt\/loja\/sem%20categoria\/natures-variety-cao-original-medium-adult-salmao-10kg\/"},"modified":"2025-09-19T15:47:51","modified_gmt":"2025-09-19T14:47:51","slug":"natures-variety-cao-original-medium-adult-salmao-10kg","status":"publish","type":"product","link":"https:\/\/dogspa.com.pt\/en\/loja\/cao\/alimentacao\/natures-variety-cao-original-medium-adult-salmao-10kg\/","title":{"rendered":"Nature&#8217;s Variety C\u00e3o Original Medium Adult Salm\u00e3o"},"content":{"rendered":"<div class=\"title-h1-content\">\n<div class=\"pdp-description bodytext\" data-attribute=\"longDescription\">Alimento completo e equilibrado para c\u00e3es adultos, sem cereais.<br \/>\nElaborado com carne de salm\u00e3o sem espinhas como ingrediente principal, frutas e legumes cuidadosamente selecionados, e fontes naturais de hidratos de carbono alternativos.<\/div>\n<\/div>\n<div class=\"product-weights uppercase weight-desktop d-none d-lg-block\">\n<div data-attr=\"weightVariation\"><\/div>\n<\/div>\n<p><strong>Composi\u00e7\u00e3o:<\/strong><\/p>\n<p>carne de salm\u00e3o sem espinhas* (21%), prote\u00edna desidratada de atum (14%), ervilhas desidratadas* (14%), amido de ervilha*, gordura de aves de capoeira* (7%), gr\u00e3o-de-bico desidratado* (6%), batata desidratada* (6%), hidrolisado de prote\u00edna (4%), prote\u00edna desidratada de salm\u00e3o (3%), fibra de ervilha*, prote\u00edna de batata, raiz de chic\u00f3ria desidratada*, cenoura desidratada* (0,5%, equivalente a 4% de cenoura fresca), ma\u00e7\u00e3 desidratada* (0,3%, equivalente a 2% de ma\u00e7\u00e3 fresca), subst\u00e2ncias minerais., *Ingredientes naturais<\/p>\n","protected":false},"excerpt":{"rendered":"<p>Nature&#8217;s Variety C\u00e3o Original Medium Adult Salm\u00e3o\u00a0 NO GRAIN<\/p>\n","protected":false},"featured_media":1022,"comment_status":"open","ping_status":"closed","template":"","meta":[],"product_cat":[25],"product_tag":[],"_links":{"self":[{"href":"https:\/\/dogspa.com.pt\/en\/wp-json\/wp\/v2\/product\/851"}],"collection":[{"href":"https:\/\/dogspa.com.pt\/en\/wp-json\/wp\/v2\/product"}],"about":[{"href":"https:\/\/dogspa.com.pt\/en\/wp-json\/wp\/v2\/types\/product"}],"replies":[{"embeddable":true,"href":"https:\/\/dogspa.com.pt\/en\/wp-json\/wp\/v2\/comments?post=851"}],"wp:featuredmedia":[{"embeddable":true,"href":"https:\/\/dogspa.com.pt\/en\/wp-json\/wp\/v2\/media\/1022"}],"wp:attachment":[{"href":"https:\/\/dogspa.com.pt\/en\/wp-json\/wp\/v2\/media?parent=851"}],"wp:term":[{"taxonomy":"product_cat","embeddable":true,"href":"https:\/\/dogspa.com.pt\/en\/wp-json\/wp\/v2\/product_cat?post=851"},{"taxonomy":"product_tag","embeddable":true,"href":"https:\/\/dogspa.com.pt\/en\/wp-json\/wp\/v2\/product_tag?post=851"}],"curies":[{"name":"wp","href":"https:\/\/api.w.org\/{rel}","templated":true}]}}