{"id":808,"date":"2022-12-13T19:11:42","date_gmt":"2022-12-13T19:11:42","guid":{"rendered":"https:\/\/dogspa.com.pt\/loja\/sem%20categoria\/wejoint-grandes-30\/"},"modified":"2025-05-28T08:52:17","modified_gmt":"2025-05-28T07:52:17","slug":"wejoint-grandes-30","status":"publish","type":"product","link":"https:\/\/dogspa.com.pt\/en\/loja\/cao\/suplementos-cao\/wejoint-grandes-30\/","title":{"rendered":"Wejoint grandes 30"},"content":{"rendered":"<p>Alimento complementar para c\u00e3es de ra\u00e7a grande, desenvolvido para o aux\u00edlio e suporte nutricional das articula\u00e7\u00f5es.<\/p>\n","protected":false},"excerpt":{"rendered":"<p>Wejoint ra\u00e7as grandes 30 Comp<\/p>\n","protected":false},"featured_media":987,"comment_status":"open","ping_status":"closed","template":"","meta":[],"product_cat":[95],"product_tag":[],"_links":{"self":[{"href":"https:\/\/dogspa.com.pt\/en\/wp-json\/wp\/v2\/product\/808"}],"collection":[{"href":"https:\/\/dogspa.com.pt\/en\/wp-json\/wp\/v2\/product"}],"about":[{"href":"https:\/\/dogspa.com.pt\/en\/wp-json\/wp\/v2\/types\/product"}],"replies":[{"embeddable":true,"href":"https:\/\/dogspa.com.pt\/en\/wp-json\/wp\/v2\/comments?post=808"}],"wp:featuredmedia":[{"embeddable":true,"href":"https:\/\/dogspa.com.pt\/en\/wp-json\/wp\/v2\/media\/987"}],"wp:attachment":[{"href":"https:\/\/dogspa.com.pt\/en\/wp-json\/wp\/v2\/media?parent=808"}],"wp:term":[{"taxonomy":"product_cat","embeddable":true,"href":"https:\/\/dogspa.com.pt\/en\/wp-json\/wp\/v2\/product_cat?post=808"},{"taxonomy":"product_tag","embeddable":true,"href":"https:\/\/dogspa.com.pt\/en\/wp-json\/wp\/v2\/product_tag?post=808"}],"curies":[{"name":"wp","href":"https:\/\/api.w.org\/{rel}","templated":true}]}}