{"id":1495,"date":"2026-03-27T15:51:36","date_gmt":"2026-03-27T15:51:36","guid":{"rendered":"https:\/\/dogspa.com.pt\/?post_type=product&#038;p=1495"},"modified":"2026-03-27T15:53:59","modified_gmt":"2026-03-27T15:53:59","slug":"acaime-kruuse","status":"publish","type":"product","link":"https:\/\/dogspa.com.pt\/en\/loja\/cao\/desporto-canino\/acaime-kruuse\/","title":{"rendered":"A\u00e7aime Kruuse"},"content":{"rendered":"<p data-start=\"0\" data-end=\"240\"><img fetchpriority=\"high\" decoding=\"async\" class=\"alignnone size-medium wp-image-1490\" src=\"https:\/\/dogspa.com.pt\/wp-content\/uploads\/2026\/03\/acaime-kruuse-300x272.jpg\" alt=\"\" width=\"300\" height=\"272\" srcset=\"https:\/\/dogspa.com.pt\/wp-content\/uploads\/2026\/03\/acaime-kruuse-300x272.jpg 300w, https:\/\/dogspa.com.pt\/wp-content\/uploads\/2026\/03\/acaime-kruuse.jpg 474w\" sizes=\"(max-width: 300px) 100vw, 300px\" \/>A\u00e7aime BUSTER Extreme desenvolvido para garantir seguran\u00e7a e conforto no dia a dia. Fabricado com acolchoamento em neopreno macio, adapta-se de forma confort\u00e1vel ao focinho, reduzindo pontos de press\u00e3o mesmo durante utiliza\u00e7\u00f5es prolongadas.<\/p>\n<p data-start=\"242\" data-end=\"546\">O sistema de fixa\u00e7\u00e3o com correia superior ligada diretamente \u00e0 correia traseira assegura maior estabilidade e ajuste seguro. O design funcional permite que o c\u00e3o ofegue naturalmente e receba recompensas, tornando-o adequado para treinos, consultas veterin\u00e1rias ou situa\u00e7\u00f5es que exijam controlo adicional.<\/p>\n<p data-start=\"548\" data-end=\"653\">Totalmente lav\u00e1vel e esteriliz\u00e1vel, \u00e9 uma solu\u00e7\u00e3o pr\u00e1tica e higi\u00e9nica para uso profissional ou dom\u00e9stico.<\/p>\n<p data-start=\"655\" data-end=\"799\" data-is-last-node=\"\" data-is-only-node=\"\">Dispon\u00edvel em v\u00e1rios tamanhos para se adaptar a diferentes ra\u00e7as. N\u00e3o utilizar se estiver danificado e deve ser sempre utilizado sob supervis\u00e3o.<\/p>\n","protected":false},"excerpt":{"rendered":"<p data-start=\"0\" data-end=\"240\">A\u00e7aime BUSTER Extreme desenvolvido para garantir seguran\u00e7a e conforto no dia a dia. Fabricado com acolchoamento em neopreno macio, adapta-se de forma confort\u00e1vel ao focinho, reduzindo pontos de press\u00e3o mesmo durante utiliza\u00e7\u00f5es prolongadas.<\/p>\n<p data-start=\"242\" data-end=\"546\">O sistema de fixa\u00e7\u00e3o com correia superior ligada diretamente \u00e0 correia traseira assegura maior estabilidade e ajuste seguro. O design funcional permite que o c\u00e3o ofegue naturalmente e receba recompensas, tornando-o adequado para treinos, consultas veterin\u00e1rias ou situa\u00e7\u00f5es que exijam controlo adicional.<\/p>\n<p data-start=\"548\" data-end=\"653\">Totalmente lav\u00e1vel e esteriliz\u00e1vel, \u00e9 uma solu\u00e7\u00e3o pr\u00e1tica e higi\u00e9nica para uso profissional ou dom\u00e9stico.<\/p>\n<p data-start=\"655\" data-end=\"799\" data-is-last-node=\"\" data-is-only-node=\"\">Dispon\u00edvel em v\u00e1rios tamanhos para se adaptar a diferentes ra\u00e7as. N\u00e3o utilizar se estiver danificado e deve ser sempre utilizado sob supervis\u00e3o.<\/p>\n<p data-start=\"655\" data-end=\"799\" data-is-last-node=\"\" data-is-only-node=\"\"><strong data-start=\"370\" data-end=\"391\">Guia de Tamanhos:<\/strong><br \/>\n1 \u2013 Bichon Fris\u00e9, Dachshund, Pinscher Miniatura, Chihuahua grande, Jack Russell<br data-start=\"471\" data-end=\"474\" \/>2 \u2013 Border Terrier, Jack Russell, Cocker Spaniel, Beagle pequeno, Caniche Miniatura, Sheltie<br data-start=\"566\" data-end=\"569\" \/>3 \u2013 Border Collie, Beagle grande, Corgi, Vizsla, Caniche Standard<br data-start=\"634\" data-end=\"637\" \/>4 \u2013 Springer Spaniel, D\u00e1lmata, Pointer, Pit Bull pequeno, C\u00e3o de Gado<br data-start=\"706\" data-end=\"709\" \/>5 \u2013 Labrador, Golden Retriever, Doberman, Pastor Alem\u00e3o, Weimaraner, Husky, Boxer<br data-start=\"790\" data-end=\"793\" \/>6 \u2013 Dogue Alem\u00e3o, Mastim, Terra Nova, Rottweiler, Schnauzer Gigante, Pastor Alem\u00e3o grande<\/p>\n","protected":false},"featured_media":1490,"comment_status":"closed","ping_status":"closed","template":"","meta":[],"product_cat":[31,97],"product_tag":[106],"_links":{"self":[{"href":"https:\/\/dogspa.com.pt\/en\/wp-json\/wp\/v2\/product\/1495"}],"collection":[{"href":"https:\/\/dogspa.com.pt\/en\/wp-json\/wp\/v2\/product"}],"about":[{"href":"https:\/\/dogspa.com.pt\/en\/wp-json\/wp\/v2\/types\/product"}],"replies":[{"embeddable":true,"href":"https:\/\/dogspa.com.pt\/en\/wp-json\/wp\/v2\/comments?post=1495"}],"wp:featuredmedia":[{"embeddable":true,"href":"https:\/\/dogspa.com.pt\/en\/wp-json\/wp\/v2\/media\/1490"}],"wp:attachment":[{"href":"https:\/\/dogspa.com.pt\/en\/wp-json\/wp\/v2\/media?parent=1495"}],"wp:term":[{"taxonomy":"product_cat","embeddable":true,"href":"https:\/\/dogspa.com.pt\/en\/wp-json\/wp\/v2\/product_cat?post=1495"},{"taxonomy":"product_tag","embeddable":true,"href":"https:\/\/dogspa.com.pt\/en\/wp-json\/wp\/v2\/product_tag?post=1495"}],"curies":[{"name":"wp","href":"https:\/\/api.w.org\/{rel}","templated":true}]}}