{"id":1469,"date":"2024-02-02T17:03:30","date_gmt":"2024-02-02T17:03:30","guid":{"rendered":"https:\/\/dogspa.com.pt\/?post_type=product&#038;p=1469"},"modified":"2024-02-02T17:04:24","modified_gmt":"2024-02-02T17:04:24","slug":"advance-cao-senior-maxi","status":"publish","type":"product","link":"https:\/\/dogspa.com.pt\/en\/loja\/cao\/advance-cao-senior-maxi\/","title":{"rendered":"Advance C\u00e3o S\u00e9nior Maxi 12kg"},"content":{"rendered":"<p>Advance Vitality Senior Maxi +6 ajuda a manter a vitalidade dos c\u00e3es de porte grande com mais de 6 anos. Proporciona 7 benef\u00edcios-chave para a idade, que ajudam a manter a sua qualidade de vida.<\/p>\n<p>\u00c9 um alimento f\u00e1cil de digerir e o croquete est\u00e1 adaptado ao tamanho dos c\u00e3es de grande porte.<\/p>\n","protected":false},"excerpt":{"rendered":"<p>Advance Vitality Senior Maxi +6 ajuda a manter a vitalidade dos c\u00e3es de porte grande com mais de 6 anos. Proporciona 7 benef\u00edcios-chave para a idade, que ajudam a manter a sua qualidade de vida. \u00c9 um alimento f\u00e1cil de digerir e o croquete est\u00e1 adaptado ao tamanho dos c\u00e3es de grande porte.<\/p>\n","protected":false},"featured_media":0,"comment_status":"closed","ping_status":"closed","template":"","meta":[],"product_cat":[25,20],"product_tag":[],"_links":{"self":[{"href":"https:\/\/dogspa.com.pt\/en\/wp-json\/wp\/v2\/product\/1469"}],"collection":[{"href":"https:\/\/dogspa.com.pt\/en\/wp-json\/wp\/v2\/product"}],"about":[{"href":"https:\/\/dogspa.com.pt\/en\/wp-json\/wp\/v2\/types\/product"}],"replies":[{"embeddable":true,"href":"https:\/\/dogspa.com.pt\/en\/wp-json\/wp\/v2\/comments?post=1469"}],"wp:attachment":[{"href":"https:\/\/dogspa.com.pt\/en\/wp-json\/wp\/v2\/media?parent=1469"}],"wp:term":[{"taxonomy":"product_cat","embeddable":true,"href":"https:\/\/dogspa.com.pt\/en\/wp-json\/wp\/v2\/product_cat?post=1469"},{"taxonomy":"product_tag","embeddable":true,"href":"https:\/\/dogspa.com.pt\/en\/wp-json\/wp\/v2\/product_tag?post=1469"}],"curies":[{"name":"wp","href":"https:\/\/api.w.org\/{rel}","templated":true}]}}