{"id":1460,"date":"2023-08-12T18:50:59","date_gmt":"2023-08-12T17:50:59","guid":{"rendered":"https:\/\/dogspa.com.pt\/?post_type=product&#038;p=1460"},"modified":"2023-08-12T18:51:01","modified_gmt":"2023-08-12T17:51:01","slug":"advance-gato-humido-adulto-frango-85g","status":"publish","type":"product","link":"https:\/\/dogspa.com.pt\/en\/loja\/gato\/alimentacao-gato\/advance-gato-humido-adulto-frango-85g\/","title":{"rendered":"Advance Gato H\u00famido Adulto Frango &#8211; 85g"},"content":{"rendered":"<div class=\"product\">\n<div class=\"product-content\">\n<div class=\"product-desc\"><strong>Peda\u00e7os em molho para gatos adultos com frango<\/strong><\/div>\n<div><\/div>\n<div class=\"product-desc\">Gatos adultos (+12 meses)<\/div>\n<\/div>\n<\/div>\n<div class=\"pdp-description mt-3\" data-attribute=\"longDescription\">\n<div class=\"js-view-more\">\n<p>Ao atingir a idade adulta, as necessidades nutricionais do seu gato mudam, sendo necess\u00e1rio um alimento que o ajude a manter uma condi\u00e7\u00e3o corporal ideal.<br \/>\nADVANCE Wet Adult \u00e9 um alimento h\u00famido completo e equilibrado, formulado especificamente para satisfazer as necessidades dos gatos adultos.<br \/>\nA sua f\u00f3rmula \u00e9 desenvolvida por especialistas em nutri\u00e7\u00e3o para contribuir para um pelo brilhante, cuidado \u00f3timo da pele e manuten\u00e7\u00e3o da massa muscular.<br \/>\nADVANCE Wet \u00e9 feito de ingredientes de alta qualidade cozidos a vapor e vem sob a forma de saborosos peda\u00e7os em molho para ajudar a manter o seu gato hidratado. Combine-o com a alimenta\u00e7\u00e3o seca regular do seu gato para um sabor e variedade extra, ou ofere\u00e7a-lhe em exclusivo um alimento h\u00famido 100% completo e equilibrado que assegura todas as necessidades nutricionais.<br \/>\nADVANCE Wet Adult \u00e9 especificamente recomendado para gatos a partir de um ano de idade.<\/p>\n<\/div>\n<\/div>\n","protected":false},"excerpt":{"rendered":"<p>Peda\u00e7os em molho para gatos adultos com frango Gatos adultos (+12 meses) Ao atingir a idade adulta, as necessidades nutricionais do seu gato mudam, sendo necess\u00e1rio um alimento que o ajude a manter uma condi\u00e7\u00e3o corporal ideal. ADVANCE Wet Adult \u00e9 um alimento h\u00famido completo e equilibrado, formulado especificamente para satisfazer as necessidades dos gatos [&hellip;]<\/p>\n","protected":false},"featured_media":1461,"comment_status":"closed","ping_status":"closed","template":"","meta":[],"product_cat":[26],"product_tag":[],"_links":{"self":[{"href":"https:\/\/dogspa.com.pt\/en\/wp-json\/wp\/v2\/product\/1460"}],"collection":[{"href":"https:\/\/dogspa.com.pt\/en\/wp-json\/wp\/v2\/product"}],"about":[{"href":"https:\/\/dogspa.com.pt\/en\/wp-json\/wp\/v2\/types\/product"}],"replies":[{"embeddable":true,"href":"https:\/\/dogspa.com.pt\/en\/wp-json\/wp\/v2\/comments?post=1460"}],"wp:featuredmedia":[{"embeddable":true,"href":"https:\/\/dogspa.com.pt\/en\/wp-json\/wp\/v2\/media\/1461"}],"wp:attachment":[{"href":"https:\/\/dogspa.com.pt\/en\/wp-json\/wp\/v2\/media?parent=1460"}],"wp:term":[{"taxonomy":"product_cat","embeddable":true,"href":"https:\/\/dogspa.com.pt\/en\/wp-json\/wp\/v2\/product_cat?post=1460"},{"taxonomy":"product_tag","embeddable":true,"href":"https:\/\/dogspa.com.pt\/en\/wp-json\/wp\/v2\/product_tag?post=1460"}],"curies":[{"name":"wp","href":"https:\/\/api.w.org\/{rel}","templated":true}]}}