{"id":1453,"date":"2023-08-12T18:37:21","date_gmt":"2023-08-12T17:37:21","guid":{"rendered":"https:\/\/dogspa.com.pt\/?post_type=product&#038;p=1453"},"modified":"2024-02-02T16:49:30","modified_gmt":"2024-02-02T16:49:30","slug":"advance-cao-medio-senior-arroz-e-frango","status":"publish","type":"product","link":"https:\/\/dogspa.com.pt\/en\/loja\/cao\/alimentacao\/advance-cao-medio-senior-arroz-e-frango\/","title":{"rendered":"Advance C\u00e3o M\u00e9dio S\u00e9nior Arroz e Frango"},"content":{"rendered":"<p>Os c\u00e3es seniores de ra\u00e7as de m\u00e9dio porte necessitam de um alimento espec\u00edfico a partir dos 7 anos de idade que se adapte \u00e0s suas necessidades nutricionais.<\/p>\n<p>O ADVANCE Senior Medium \u00e9 um alimento de gama alta f\u00e1cil de digerir desenvolvido para satisfazer as suas necessidades espec\u00edficas que ajuda a refor\u00e7ar as suas defesas e barreiras naturais.<\/p>\n<p>Gra\u00e7as \u00e0 sua f\u00f3rmula exclusiva Advance ajuda a preservar a cartilagem articular, a massa muscular, a sa\u00fade intestinal, a sa\u00fade dent\u00e1ria e a atividade cognitiva ao longo dos anos.<\/p>\n<p>O ADVANCE Senior Medium tamb\u00e9m cont\u00e9m taurina, um amino\u00e1cido que contribui para o bom funcionamento do cora\u00e7\u00e3o.<\/p>\n","protected":false},"excerpt":{"rendered":"<p>Os c\u00e3es seniores de ra\u00e7as de m\u00e9dio porte necessitam de um alimento espec\u00edfico a partir dos 7 anos de idade que se adapte \u00e0s suas necessidades nutricionais. O ADVANCE Senior Medium \u00e9 um alimento de gama alta f\u00e1cil de digerir desenvolvido para satisfazer as suas necessidades espec\u00edficas que ajuda a refor\u00e7ar as suas defesas e [&hellip;]<\/p>\n","protected":false},"featured_media":1454,"comment_status":"closed","ping_status":"closed","template":"","meta":[],"product_cat":[25],"product_tag":[],"_links":{"self":[{"href":"https:\/\/dogspa.com.pt\/en\/wp-json\/wp\/v2\/product\/1453"}],"collection":[{"href":"https:\/\/dogspa.com.pt\/en\/wp-json\/wp\/v2\/product"}],"about":[{"href":"https:\/\/dogspa.com.pt\/en\/wp-json\/wp\/v2\/types\/product"}],"replies":[{"embeddable":true,"href":"https:\/\/dogspa.com.pt\/en\/wp-json\/wp\/v2\/comments?post=1453"}],"wp:featuredmedia":[{"embeddable":true,"href":"https:\/\/dogspa.com.pt\/en\/wp-json\/wp\/v2\/media\/1454"}],"wp:attachment":[{"href":"https:\/\/dogspa.com.pt\/en\/wp-json\/wp\/v2\/media?parent=1453"}],"wp:term":[{"taxonomy":"product_cat","embeddable":true,"href":"https:\/\/dogspa.com.pt\/en\/wp-json\/wp\/v2\/product_cat?post=1453"},{"taxonomy":"product_tag","embeddable":true,"href":"https:\/\/dogspa.com.pt\/en\/wp-json\/wp\/v2\/product_tag?post=1453"}],"curies":[{"name":"wp","href":"https:\/\/api.w.org\/{rel}","templated":true}]}}