{"id":1450,"date":"2023-08-11T18:21:53","date_gmt":"2023-08-11T17:21:53","guid":{"rendered":"https:\/\/dogspa.com.pt\/?post_type=product&#038;p=1450"},"modified":"2023-08-11T18:21:54","modified_gmt":"2023-08-11T17:21:54","slug":"natures-variety-cao-original-humido-mini-peru150g","status":"publish","type":"product","link":"https:\/\/dogspa.com.pt\/en\/loja\/cao\/alimentacao\/natures-variety-cao-original-humido-mini-peru150g\/","title":{"rendered":"Nature&#8217;s Variety C\u00e3o Original H\u00famido Mini Per\u00fa150g"},"content":{"rendered":"<p>Nature&#8217;s Variety C\u00e3o Original H\u00famido Mini Per\u00fa150g<\/p>\n<p><strong>Composi\u00e7\u00e3o:<\/strong><\/p>\n<p>Peru* (66%), caldo de peru (28,9%), tomate* (2%), cenouras* (2%), subst\u00e2ncias minerais, \u00f3leo de salm\u00e3o., *Ingredientes naturais<\/p>\n","protected":false},"excerpt":{"rendered":"<p>Nature&#8217;s Variety C\u00e3o Original H\u00famido Mini Per\u00fa150g Composi\u00e7\u00e3o: Peru* (66%), caldo de peru (28,9%), tomate* (2%), cenouras* (2%), subst\u00e2ncias minerais, \u00f3leo de salm\u00e3o., *Ingredientes naturais<\/p>\n","protected":false},"featured_media":1451,"comment_status":"closed","ping_status":"closed","template":"","meta":[],"product_cat":[25],"product_tag":[],"_links":{"self":[{"href":"https:\/\/dogspa.com.pt\/en\/wp-json\/wp\/v2\/product\/1450"}],"collection":[{"href":"https:\/\/dogspa.com.pt\/en\/wp-json\/wp\/v2\/product"}],"about":[{"href":"https:\/\/dogspa.com.pt\/en\/wp-json\/wp\/v2\/types\/product"}],"replies":[{"embeddable":true,"href":"https:\/\/dogspa.com.pt\/en\/wp-json\/wp\/v2\/comments?post=1450"}],"wp:featuredmedia":[{"embeddable":true,"href":"https:\/\/dogspa.com.pt\/en\/wp-json\/wp\/v2\/media\/1451"}],"wp:attachment":[{"href":"https:\/\/dogspa.com.pt\/en\/wp-json\/wp\/v2\/media?parent=1450"}],"wp:term":[{"taxonomy":"product_cat","embeddable":true,"href":"https:\/\/dogspa.com.pt\/en\/wp-json\/wp\/v2\/product_cat?post=1450"},{"taxonomy":"product_tag","embeddable":true,"href":"https:\/\/dogspa.com.pt\/en\/wp-json\/wp\/v2\/product_tag?post=1450"}],"curies":[{"name":"wp","href":"https:\/\/api.w.org\/{rel}","templated":true}]}}