{"id":1441,"date":"2023-08-06T18:26:40","date_gmt":"2023-08-06T17:26:40","guid":{"rendered":"https:\/\/dogspa.com.pt\/?post_type=product&#038;p=1441"},"modified":"2023-08-06T18:35:20","modified_gmt":"2023-08-06T17:35:20","slug":"natures-variety-cao-selected-medium-adult-frango","status":"publish","type":"product","link":"https:\/\/dogspa.com.pt\/en\/loja\/cao\/alimentacao\/natures-variety-cao-selected-medium-adult-frango\/","title":{"rendered":"Nature&#8217;s Variety C\u00e3o Selected Medium Adult Frango"},"content":{"rendered":"<p>Alimento completo para c\u00e3es adultos, sem cereais.<br \/>\nElaborado com carne de frango criado ao ar livre desossada como ingrediente principal. Complementado com frutas, legumes, superalimentos e fontes naturais de hidratos de carbono alternativos.<\/p>\n<p>&nbsp;<\/p>\n<p><strong>Composi\u00e7\u00e3o:<\/strong><\/p>\n<p>Carne de frango criado ao ar livre desossada* (30%), prote\u00edna desidratada de frango (22%), ervilhas desidratadas* (12%), gr\u00e3o de bico desidratado* (5,5%), amido de ervilha*, gordura de aves* (5%), batata doce desidratada* (4%), hidrolisado de prote\u00edna (3,5%), f\u00e9cula de batata*, fibra de ervilha*, raiz de chic\u00f3ria desidratada*, subst\u00e2ncias minerais, cenoura desidratada* (0,5%, equivalente a 4% de cenoura fresca), br\u00f3colos desidratados* (0,5%, equivalente a 4% de br\u00f3colos frescos), ma\u00e7\u00e3 desidratada* (0,3%, equivalente a 2% de ma\u00e7\u00e3 fresca), alga desidratada* (0,01%), alecrim desidratado* (0,01%)., *Ingredientes naturais.<\/p>\n","protected":false},"excerpt":{"rendered":"<p>Alimento completo para c\u00e3es adultos, sem cereais. Elaborado com carne de frango criado ao ar livre desossada como ingrediente principal. Complementado com frutas, legumes, superalimentos e fontes naturais de hidratos de carbono alternativos. &nbsp; Composi\u00e7\u00e3o: Carne de frango criado ao ar livre desossada* (30%), prote\u00edna desidratada de frango (22%), ervilhas desidratadas* (12%), gr\u00e3o de bico [&hellip;]<\/p>\n","protected":false},"featured_media":1445,"comment_status":"closed","ping_status":"closed","template":"","meta":[],"product_cat":[25],"product_tag":[],"_links":{"self":[{"href":"https:\/\/dogspa.com.pt\/en\/wp-json\/wp\/v2\/product\/1441"}],"collection":[{"href":"https:\/\/dogspa.com.pt\/en\/wp-json\/wp\/v2\/product"}],"about":[{"href":"https:\/\/dogspa.com.pt\/en\/wp-json\/wp\/v2\/types\/product"}],"replies":[{"embeddable":true,"href":"https:\/\/dogspa.com.pt\/en\/wp-json\/wp\/v2\/comments?post=1441"}],"wp:featuredmedia":[{"embeddable":true,"href":"https:\/\/dogspa.com.pt\/en\/wp-json\/wp\/v2\/media\/1445"}],"wp:attachment":[{"href":"https:\/\/dogspa.com.pt\/en\/wp-json\/wp\/v2\/media?parent=1441"}],"wp:term":[{"taxonomy":"product_cat","embeddable":true,"href":"https:\/\/dogspa.com.pt\/en\/wp-json\/wp\/v2\/product_cat?post=1441"},{"taxonomy":"product_tag","embeddable":true,"href":"https:\/\/dogspa.com.pt\/en\/wp-json\/wp\/v2\/product_tag?post=1441"}],"curies":[{"name":"wp","href":"https:\/\/api.w.org\/{rel}","templated":true}]}}