{"id":1433,"date":"2023-08-06T17:48:31","date_gmt":"2023-08-06T16:48:31","guid":{"rendered":"https:\/\/dogspa.com.pt\/?post_type=product&#038;p=1433"},"modified":"2023-08-06T17:48:34","modified_gmt":"2023-08-06T16:48:34","slug":"natures-variety-original-cao-medium-maxi-peru","status":"publish","type":"product","link":"https:\/\/dogspa.com.pt\/en\/loja\/cao\/alimentacao\/natures-variety-original-cao-medium-maxi-peru\/","title":{"rendered":"Nature&#8217;s Variety Original C\u00e3o Medium\/Maxi Per\u00fa"},"content":{"rendered":"<p>Alimento completo e equilibrado para c\u00e3es adultos, sem cereais.<br \/>\nElaborado com carne de peru desossada como ingrediente principal, frutas e legumes cuidadosamente selecionados, e fontes naturais de hidratos de carbono alternativos.<\/p>\n<p>&nbsp;<\/p>\n<p><strong>Composi\u00e7\u00e3o:<\/strong><\/p>\n<p>Carne de peru desossada* (20%), prote\u00edna desidratada de peru (13%), ervilhas desidratadas* (12,5%), batata desidratada* (12%), amido de ervilha*, prote\u00edna desidratada de frango (8%), gordura de aves de capoeira* (6,5%), gr\u00e3o-de-bico desidratado* (6%), hidrolisado de prote\u00edna (4%), fibra de ervilha*, raiz de chic\u00f3ria desidratada*, subst\u00e2ncias minerais, cenoura desidratada* (0,5%, equivalente a 4% de cenoura fresca), ma\u00e7\u00e3 desidratada* (0,3%, equivalente a 2% de ma\u00e7\u00e3 fresca)., *Ingredientes naturais.<\/p>\n","protected":false},"excerpt":{"rendered":"<p>Alimento completo e equilibrado para c\u00e3es adultos, sem cereais. Elaborado com carne de peru desossada como ingrediente principal, frutas e legumes cuidadosamente selecionados, e fontes naturais de hidratos de carbono alternativos. &nbsp; Composi\u00e7\u00e3o: Carne de peru desossada* (20%), prote\u00edna desidratada de peru (13%), ervilhas desidratadas* (12,5%), batata desidratada* (12%), amido de ervilha*, prote\u00edna desidratada de [&hellip;]<\/p>\n","protected":false},"featured_media":1436,"comment_status":"closed","ping_status":"closed","template":"","meta":[],"product_cat":[25],"product_tag":[],"_links":{"self":[{"href":"https:\/\/dogspa.com.pt\/en\/wp-json\/wp\/v2\/product\/1433"}],"collection":[{"href":"https:\/\/dogspa.com.pt\/en\/wp-json\/wp\/v2\/product"}],"about":[{"href":"https:\/\/dogspa.com.pt\/en\/wp-json\/wp\/v2\/types\/product"}],"replies":[{"embeddable":true,"href":"https:\/\/dogspa.com.pt\/en\/wp-json\/wp\/v2\/comments?post=1433"}],"wp:featuredmedia":[{"embeddable":true,"href":"https:\/\/dogspa.com.pt\/en\/wp-json\/wp\/v2\/media\/1436"}],"wp:attachment":[{"href":"https:\/\/dogspa.com.pt\/en\/wp-json\/wp\/v2\/media?parent=1433"}],"wp:term":[{"taxonomy":"product_cat","embeddable":true,"href":"https:\/\/dogspa.com.pt\/en\/wp-json\/wp\/v2\/product_cat?post=1433"},{"taxonomy":"product_tag","embeddable":true,"href":"https:\/\/dogspa.com.pt\/en\/wp-json\/wp\/v2\/product_tag?post=1433"}],"curies":[{"name":"wp","href":"https:\/\/api.w.org\/{rel}","templated":true}]}}