{"id":1425,"date":"2023-08-06T14:29:13","date_gmt":"2023-08-06T13:29:13","guid":{"rendered":"https:\/\/dogspa.com.pt\/?post_type=product&#038;p=1425"},"modified":"2023-08-06T14:33:31","modified_gmt":"2023-08-06T13:33:31","slug":"champo-artero-bye-bye","status":"publish","type":"product","link":"https:\/\/dogspa.com.pt\/en\/loja\/cao\/higiene\/champo-artero-bye-bye\/","title":{"rendered":"Champ\u00f4 Artero Bye Bye"},"content":{"rendered":"<div class=\"module--translations-translatedtext js-module--translations-translatedtext is-placeholder\" data-size=\"s\">A boa higiene dos nossos animais de estima\u00e7\u00e3o desempenha um papel fundamental na sua sa\u00fade, ajudando a prevenir diferentes doen\u00e7as e cont\u00e1gios a que os nossos amigos peludos est\u00e3o expostos todos os dias. \u00c9 por isso que a Artero desenvolveu este shampoo antiparasit\u00e1rio que repele e mata pulgas, acaba com a ades\u00e3o de carrapatos e outros parasitas.<\/div>\n<div class=\"module--translations-translatedtext js-module--translations-translatedtext is-placeholder\" data-size=\"s\">Altamente recomendado para uso ap\u00f3s remo\u00e7\u00e3o ou escova\u00e7\u00e3o agressiva com a pele e recomendamos para animais de estima\u00e7\u00e3o que sofrem de: Parasitas, Fungos, Eczema e Pele Danificada.<\/div>\n<div data-size=\"s\">\n<div data-size=\"s\"><\/div>\n<div class=\"module--translations-translatedtext js-module--translations-translatedtext is-placeholder\" data-size=\"s\"><strong>Carater\u00edsticas<\/strong><\/div>\n<ul>\n<li class=\"module--translations-translatedtext js-module--translations-translatedtext is-placeholder\" data-size=\"s\">Cont\u00e9m ingredientes naturais.<\/li>\n<li class=\"module--translations-translatedtext js-module--translations-translatedtext is-placeholder\" data-size=\"s\">Mata parasitas externos, bact\u00e9rias, fungos entre outros parasitas externos<\/li>\n<li class=\"module--translations-translatedtext js-module--translations-translatedtext is-placeholder\" data-size=\"s\">O resultado \u00e9 um cabelo limpo, com corpo e volume<\/li>\n<li class=\"module--translations-translatedtext js-module--translations-translatedtext is-placeholder\" data-size=\"s\">Aroma a ch\u00e1, ervas e lim\u00e3o suave<\/li>\n<li class=\"module--translations-translatedtext js-module--translations-translatedtext is-placeholder\" data-size=\"s\">Desinfeta e cuida da pele de forma eficaz e r\u00e1pida.<\/li>\n<li class=\"module--translations-translatedtext js-module--translations-translatedtext is-placeholder\" data-size=\"s\">Com efeito calmante e relaxante na pele<\/li>\n<li class=\"module--translations-translatedtext js-module--translations-translatedtext is-placeholder\" data-size=\"s\">Adequado para todas as ra\u00e7as de c\u00e3es<\/li>\n<li class=\"module--translations-translatedtext js-module--translations-translatedtext is-placeholder\" data-size=\"s\">Vers\u00e3o 250 ml<\/li>\n<\/ul>\n<div class=\"module--translations-translatedtext js-module--translations-translatedtext is-placeholder\" data-size=\"s\"><strong>Que ingredientes cont\u00e9m?<\/strong><\/div>\n<div class=\"module--translations-translatedtext js-module--translations-translatedtext is-placeholder\" data-size=\"s\"><strong>Tea tree:<\/strong> proporciona um efeito antiss\u00e9ptico, antif\u00fangico e antibi\u00f3tico, portanto, al\u00e9m de matar parasitas, desinfeta a pele afetada.<\/div>\n<div class=\"module--translations-translatedtext js-module--translations-translatedtext is-placeholder\" data-size=\"s\"><strong>Propilenoglicol:<\/strong> Proporciona hidrata\u00e7\u00e3o extrema imediata que nutre profundamente o cabelo e condiciona o manto.<\/div>\n<div class=\"module--translations-translatedtext js-module--translations-translatedtext is-placeholder\" data-size=\"s\"><strong>Complexo vitam\u00ednico:<\/strong> nutre o cabelo em profundidade.<\/div>\n<\/div>\n","protected":false},"excerpt":{"rendered":"<p>A boa higiene dos nossos animais de estima\u00e7\u00e3o desempenha um papel fundamental na sua sa\u00fade, ajudando a prevenir diferentes doen\u00e7as e cont\u00e1gios a que os nossos amigos peludos est\u00e3o expostos todos os dias. \u00c9 por isso que a Artero desenvolveu este shampoo antiparasit\u00e1rio que repele e mata pulgas, acaba com a ades\u00e3o de carrapatos e [&hellip;]<\/p>\n","protected":false},"featured_media":1426,"comment_status":"closed","ping_status":"closed","template":"","meta":[],"product_cat":[98,29],"product_tag":[],"_links":{"self":[{"href":"https:\/\/dogspa.com.pt\/en\/wp-json\/wp\/v2\/product\/1425"}],"collection":[{"href":"https:\/\/dogspa.com.pt\/en\/wp-json\/wp\/v2\/product"}],"about":[{"href":"https:\/\/dogspa.com.pt\/en\/wp-json\/wp\/v2\/types\/product"}],"replies":[{"embeddable":true,"href":"https:\/\/dogspa.com.pt\/en\/wp-json\/wp\/v2\/comments?post=1425"}],"wp:featuredmedia":[{"embeddable":true,"href":"https:\/\/dogspa.com.pt\/en\/wp-json\/wp\/v2\/media\/1426"}],"wp:attachment":[{"href":"https:\/\/dogspa.com.pt\/en\/wp-json\/wp\/v2\/media?parent=1425"}],"wp:term":[{"taxonomy":"product_cat","embeddable":true,"href":"https:\/\/dogspa.com.pt\/en\/wp-json\/wp\/v2\/product_cat?post=1425"},{"taxonomy":"product_tag","embeddable":true,"href":"https:\/\/dogspa.com.pt\/en\/wp-json\/wp\/v2\/product_tag?post=1425"}],"curies":[{"name":"wp","href":"https:\/\/api.w.org\/{rel}","templated":true}]}}