{"id":1419,"date":"2023-08-06T13:53:26","date_gmt":"2023-08-06T12:53:26","guid":{"rendered":"https:\/\/dogspa.com.pt\/?post_type=product&#038;p=1419"},"modified":"2023-08-06T13:53:33","modified_gmt":"2023-08-06T12:53:33","slug":"perfume-artero","status":"publish","type":"product","link":"https:\/\/dogspa.com.pt\/en\/loja\/cao\/higiene\/perfume-artero\/","title":{"rendered":"Perfume Artero"},"content":{"rendered":"<p>A Artero sabe da import\u00e2ncia do cheiro de um animal de estima\u00e7\u00e3o ser agrad\u00e1vel em sua casa, e \u00e9 por isso que oferece h\u00e1 anos uma gama de perfumes que, al\u00e9m de fornecer fragr\u00e2ncias elegantes e duradouras, conseguem respeitar o cheiro dos animais de estima\u00e7\u00e3o, j\u00e1 que foge de odores extremos. Uma das caracter\u00edsticas que diferenciam esses perfumes dos demais \u00e9 que, al\u00e9m de fornecer fragr\u00e2ncia, ele funciona como um corretor de odores, ao mesmo tempo em que faz com que os maus odores desapare\u00e7am no momento.<\/p>\n<div class=\"module--translations-translatedtext js-module--translations-translatedtext is-placeholder\" data-size=\"s\"><strong>Que perfume posso usar o meu c\u00e3o ou gato?<\/strong><\/div>\n<div class=\"module--translations-translatedtext js-module--translations-translatedtext is-placeholder\" data-size=\"s\">Os perfumes Artero s\u00e3o aprovados e cumprem com as normas para a boa sa\u00fade do animal de estima\u00e7\u00e3o.<\/div>\n<div data-size=\"s\"><\/div>\n<div class=\"module--translations-translatedtext js-module--translations-translatedtext is-placeholder\" data-size=\"s\"><strong>\u00c9 aconselh\u00e1vel aplicar perfume no c\u00e3o ou gato?<\/strong><\/div>\n<div class=\"module--translations-translatedtext js-module--translations-translatedtext is-placeholder\" data-size=\"s\">O uso do perfume \u00e9 adequado, tendo sempre em conta, como quando o aplicamos, que n\u00e3o entra em contacto com os olhos, nariz, zona genital e que \u00e9 um uso correto na frequ\u00eancia e na aplica\u00e7\u00e3o no pelo longe do rosto do animal. Todos gostamos de cheirar bem, e que tudo \u00e0 nossa volta \u2013 a nossa casa, a nossa fam\u00edlia, os nossos animais de estima\u00e7\u00e3o, o nosso ambiente de trabalho \u2013 tamb\u00e9m tem um cheiro agrad\u00e1vel.<\/div>\n<div data-size=\"s\"><\/div>\n<div class=\"module--translations-translatedtext js-module--translations-translatedtext is-placeholder\" data-size=\"s\"><strong>Como colocar perfume no c\u00e3o ou animal de estima\u00e7\u00e3o e com que frequ\u00eancia?<\/strong><\/div>\n<div class=\"module--translations-translatedtext js-module--translations-translatedtext is-placeholder\" data-size=\"s\">O perfume para c\u00e3es ou gatos \u00e9 aplicado \u00e0 dist\u00e2ncia no cabelo protegendo os olhos, nariz ou \u00e1rea genital. A frequ\u00eancia correta seria semelhante \u00e0 nossa: uma vez por dia ou, uma vez que os nossos animais de estima\u00e7\u00e3o n\u00e3o mudam de roupa diariamente, quando deixa de notar o cheiro do seu perfume.<\/div>\n<div data-size=\"s\"><\/div>\n<div data-size=\"s\">\n<div class=\"module--translations-translatedtext js-module--translations-translatedtext is-placeholder\" data-size=\"s\">A Artero \u00e9 uma empresa amiga do ambiente, por isso, para al\u00e9m do cuidado da pele e cabelo dos nossos animais de estima\u00e7\u00e3o, tamb\u00e9m cuidamos do bem-estar e do ambiente que nos rodeia, respeitando o ambiente com os nossos recipientes de alum\u00ednio e\/ou pl\u00e1stico PE ou PET C na nossa linha de Cosm\u00e9ticos Artero e Complementos Artero. Ajude a completar a cadeia, reciclando adequadamente as embalagens usadas.<\/div>\n<\/div>\n","protected":false},"excerpt":{"rendered":"<p>Embalagem 90ml<\/p>\n","protected":false},"featured_media":1408,"comment_status":"closed","ping_status":"closed","template":"","meta":[],"product_cat":[98,30,29],"product_tag":[],"_links":{"self":[{"href":"https:\/\/dogspa.com.pt\/en\/wp-json\/wp\/v2\/product\/1419"}],"collection":[{"href":"https:\/\/dogspa.com.pt\/en\/wp-json\/wp\/v2\/product"}],"about":[{"href":"https:\/\/dogspa.com.pt\/en\/wp-json\/wp\/v2\/types\/product"}],"replies":[{"embeddable":true,"href":"https:\/\/dogspa.com.pt\/en\/wp-json\/wp\/v2\/comments?post=1419"}],"wp:featuredmedia":[{"embeddable":true,"href":"https:\/\/dogspa.com.pt\/en\/wp-json\/wp\/v2\/media\/1408"}],"wp:attachment":[{"href":"https:\/\/dogspa.com.pt\/en\/wp-json\/wp\/v2\/media?parent=1419"}],"wp:term":[{"taxonomy":"product_cat","embeddable":true,"href":"https:\/\/dogspa.com.pt\/en\/wp-json\/wp\/v2\/product_cat?post=1419"},{"taxonomy":"product_tag","embeddable":true,"href":"https:\/\/dogspa.com.pt\/en\/wp-json\/wp\/v2\/product_tag?post=1419"}],"curies":[{"name":"wp","href":"https:\/\/api.w.org\/{rel}","templated":true}]}}