{"id":1377,"date":"2023-04-08T17:31:19","date_gmt":"2023-04-08T16:31:19","guid":{"rendered":"https:\/\/dogspa.com.pt\/?post_type=product&#038;p=1377"},"modified":"2023-08-06T17:13:28","modified_gmt":"2023-08-06T16:13:28","slug":"advance-cao-adulto-maxi","status":"publish","type":"product","link":"https:\/\/dogspa.com.pt\/en\/loja\/cao\/advance-cao-adulto-maxi\/","title":{"rendered":"Advance C\u00e3o Adulto Maxi Arroz e Frango"},"content":{"rendered":"<p>Os c\u00e3es adultos de ra\u00e7as de grande porte necessitam de um alimento espec\u00edfico adaptado \u00e0s suas necessidades nutricionais.<\/p>\n<p>O ADVANCE Adult Maxi \u00e9 um alimento de gama alta f\u00e1cil de digerir desenvolvido para satisfazer as suas necessidades espec\u00edficas que ajuda a refor\u00e7ar as suas defesas e barreiras naturais e ajuda a preservar a sa\u00fade da cartilagem articular, a sa\u00fade dent\u00e1ria e intestinal, e a manter a pele saud\u00e1vel e o pelo brilhante.<\/p>\n<p>O ADVANCE Adult Maxi tamb\u00e9m cont\u00e9m taurina, um amino\u00e1cido que contribui para o bom funcionamento do cora\u00e7\u00e3o.<\/p>\n<p>Os biscoitos Advance Adult Maxi foram especificamente adaptados a pensar no seu c\u00e3o adulto Maxi.<\/p>\n<p>&nbsp;<\/p>\n","protected":false},"excerpt":{"rendered":"<p>Os c\u00e3es adultos de ra\u00e7as de grande porte necessitam de um alimento espec\u00edfico adaptado \u00e0s suas necessidades nutricionais. O ADVANCE Adult Maxi \u00e9 um alimento de gama alta f\u00e1cil de digerir desenvolvido para satisfazer as suas necessidades espec\u00edficas que ajuda a refor\u00e7ar as suas defesas e barreiras naturais e ajuda a preservar a sa\u00fade da [&hellip;]<\/p>\n","protected":false},"featured_media":1382,"comment_status":"closed","ping_status":"closed","template":"","meta":[],"product_cat":[25,20],"product_tag":[],"_links":{"self":[{"href":"https:\/\/dogspa.com.pt\/en\/wp-json\/wp\/v2\/product\/1377"}],"collection":[{"href":"https:\/\/dogspa.com.pt\/en\/wp-json\/wp\/v2\/product"}],"about":[{"href":"https:\/\/dogspa.com.pt\/en\/wp-json\/wp\/v2\/types\/product"}],"replies":[{"embeddable":true,"href":"https:\/\/dogspa.com.pt\/en\/wp-json\/wp\/v2\/comments?post=1377"}],"wp:featuredmedia":[{"embeddable":true,"href":"https:\/\/dogspa.com.pt\/en\/wp-json\/wp\/v2\/media\/1382"}],"wp:attachment":[{"href":"https:\/\/dogspa.com.pt\/en\/wp-json\/wp\/v2\/media?parent=1377"}],"wp:term":[{"taxonomy":"product_cat","embeddable":true,"href":"https:\/\/dogspa.com.pt\/en\/wp-json\/wp\/v2\/product_cat?post=1377"},{"taxonomy":"product_tag","embeddable":true,"href":"https:\/\/dogspa.com.pt\/en\/wp-json\/wp\/v2\/product_tag?post=1377"}],"curies":[{"name":"wp","href":"https:\/\/api.w.org\/{rel}","templated":true}]}}