{"id":1366,"date":"2023-04-08T17:01:39","date_gmt":"2023-04-08T16:01:39","guid":{"rendered":"https:\/\/dogspa.com.pt\/?post_type=product&#038;p=1366"},"modified":"2023-04-08T17:25:57","modified_gmt":"2023-04-08T16:25:57","slug":"tapete-de-farejar","status":"publish","type":"product","link":"https:\/\/dogspa.com.pt\/en\/loja\/cao\/brinquedos\/tapete-de-farejar\/","title":{"rendered":"Tapete de farejar"},"content":{"rendered":"<p>Tapete para incentivar atividade de farejar<\/p>\n<p>&#8211; n\u00edvel de dificuldade: 1<\/p>\n<p>&#8211; divers\u00e3o para c\u00e3es e gatos<\/p>\n<p>&#8211; o animal obtem a recompensa usando as patas ou o focinho<\/p>\n<p>&#8211; com 2 comprimentos de borlas diferentes<\/p>\n<p>&#8211; tamb\u00e9m usado para fornecer o alimento seco di\u00e1rio<\/p>\n<p>&#8211; evita que o alimento seja sorvido rapidamente<\/p>\n<p>&#8211; base em pl\u00e1stico amov\u00edvel, impede o amarrotar<\/p>\n<p>&#8211; poliester &#8211; inclui livro com instru\u00e7\u00f5es e dicas para um \u00f3timo treino<\/p>\n<p>&#8211; dimens\u00f5es: 50 x 34 cm &#8211; lav\u00e1vel na m\u00e1quina<\/p>\n","protected":false},"excerpt":{"rendered":"<p>Tapete para incentivar atividade de farejar &#8211; n\u00edvel de dificuldade: 1 &#8211; divers\u00e3o para c\u00e3es e gatos &#8211; o animal obtem a recompensa usando as patas ou o focinho &#8211; com 2 comprimentos de borlas diferentes &#8211; tamb\u00e9m usado para fornecer o alimento seco di\u00e1rio &#8211; evita que o alimento seja sorvido rapidamente &#8211; base [&hellip;]<\/p>\n","protected":false},"featured_media":1368,"comment_status":"closed","ping_status":"closed","template":"","meta":[],"product_cat":[31,33,34,15],"product_tag":[],"_links":{"self":[{"href":"https:\/\/dogspa.com.pt\/en\/wp-json\/wp\/v2\/product\/1366"}],"collection":[{"href":"https:\/\/dogspa.com.pt\/en\/wp-json\/wp\/v2\/product"}],"about":[{"href":"https:\/\/dogspa.com.pt\/en\/wp-json\/wp\/v2\/types\/product"}],"replies":[{"embeddable":true,"href":"https:\/\/dogspa.com.pt\/en\/wp-json\/wp\/v2\/comments?post=1366"}],"wp:featuredmedia":[{"embeddable":true,"href":"https:\/\/dogspa.com.pt\/en\/wp-json\/wp\/v2\/media\/1368"}],"wp:attachment":[{"href":"https:\/\/dogspa.com.pt\/en\/wp-json\/wp\/v2\/media?parent=1366"}],"wp:term":[{"taxonomy":"product_cat","embeddable":true,"href":"https:\/\/dogspa.com.pt\/en\/wp-json\/wp\/v2\/product_cat?post=1366"},{"taxonomy":"product_tag","embeddable":true,"href":"https:\/\/dogspa.com.pt\/en\/wp-json\/wp\/v2\/product_tag?post=1366"}],"curies":[{"name":"wp","href":"https:\/\/api.w.org\/{rel}","templated":true}]}}