{"id":1356,"date":"2023-04-08T16:52:03","date_gmt":"2023-04-08T15:52:03","guid":{"rendered":"https:\/\/dogspa.com.pt\/?post_type=product&#038;p=1356"},"modified":"2023-04-08T16:58:16","modified_gmt":"2023-04-08T15:58:16","slug":"gamela-slow-feed","status":"publish","type":"product","link":"https:\/\/dogspa.com.pt\/en\/loja\/cao\/comedouros-gamelas\/gamela-slow-feed\/","title":{"rendered":"Gamela Slow Feed"},"content":{"rendered":"<p>Gamela em pl\u00e1stico. Com cavidades para reduzir a velocidade com que o c\u00e3o se alimenta. Possui borracha anti-derrapante para n\u00e3o escorregar.<\/p>\n<p>0,45L &#8211; Di\u00e2metro 20cm<\/p>\n<p>0,9L &#8211; Di\u00e2metro 23cm<\/p>\n<p>1,5L &#8211; Di\u00e2metro 27cm<\/p>\n","protected":false},"excerpt":{"rendered":"<p>Gamela em pl\u00e1stico. Com cavidades para reduzir a velocidade com que o c\u00e3o se alimenta. Possui borracha anti-derrapante para n\u00e3o escorregar. 0,45L &#8211; Di\u00e2metro 20cm 0,9L &#8211; Di\u00e2metro 23cm 1,5L &#8211; Di\u00e2metro 27cm<\/p>\n","protected":false},"featured_media":1357,"comment_status":"closed","ping_status":"closed","template":"","meta":[],"product_cat":[27,20,102],"product_tag":[],"_links":{"self":[{"href":"https:\/\/dogspa.com.pt\/en\/wp-json\/wp\/v2\/product\/1356"}],"collection":[{"href":"https:\/\/dogspa.com.pt\/en\/wp-json\/wp\/v2\/product"}],"about":[{"href":"https:\/\/dogspa.com.pt\/en\/wp-json\/wp\/v2\/types\/product"}],"replies":[{"embeddable":true,"href":"https:\/\/dogspa.com.pt\/en\/wp-json\/wp\/v2\/comments?post=1356"}],"wp:featuredmedia":[{"embeddable":true,"href":"https:\/\/dogspa.com.pt\/en\/wp-json\/wp\/v2\/media\/1357"}],"wp:attachment":[{"href":"https:\/\/dogspa.com.pt\/en\/wp-json\/wp\/v2\/media?parent=1356"}],"wp:term":[{"taxonomy":"product_cat","embeddable":true,"href":"https:\/\/dogspa.com.pt\/en\/wp-json\/wp\/v2\/product_cat?post=1356"},{"taxonomy":"product_tag","embeddable":true,"href":"https:\/\/dogspa.com.pt\/en\/wp-json\/wp\/v2\/product_tag?post=1356"}],"curies":[{"name":"wp","href":"https:\/\/api.w.org\/{rel}","templated":true}]}}