{"id":1346,"date":"2023-04-08T16:14:24","date_gmt":"2023-04-08T15:14:24","guid":{"rendered":"https:\/\/dogspa.com.pt\/?post_type=product&#038;p=1346"},"modified":"2023-04-08T17:26:54","modified_gmt":"2023-04-08T16:26:54","slug":"cama-be-eco-sleeper-com-ventilacao","status":"publish","type":"product","link":"https:\/\/dogspa.com.pt\/en\/loja\/cao\/cama-be-eco-sleeper-com-ventilacao\/","title":{"rendered":"Cama &#8220;Be Eco Sleeper&#8221; com ventila\u00e7\u00e3o"},"content":{"rendered":"<pre>Cama pl\u00e1stica\r\n- feito com 98% de pl\u00e1stico reciclado\r\n- com furos no fundo para ventila\u00e7\u00e3o\r\n- anti-derrapante\r\n- higi\u00e9nica, f\u00e1cil de limpar<\/pre>\n","protected":false},"excerpt":{"rendered":"<p>Cama pl\u00e1stica &#8211; feito com 98% de pl\u00e1stico reciclado &#8211; com furos no fundo para ventila\u00e7\u00e3o &#8211; anti-derrapante &#8211; higi\u00e9nica, f\u00e1cil de limpar<\/p>\n","protected":false},"featured_media":1352,"comment_status":"closed","ping_status":"closed","template":"","meta":[],"product_cat":[27,20],"product_tag":[],"_links":{"self":[{"href":"https:\/\/dogspa.com.pt\/en\/wp-json\/wp\/v2\/product\/1346"}],"collection":[{"href":"https:\/\/dogspa.com.pt\/en\/wp-json\/wp\/v2\/product"}],"about":[{"href":"https:\/\/dogspa.com.pt\/en\/wp-json\/wp\/v2\/types\/product"}],"replies":[{"embeddable":true,"href":"https:\/\/dogspa.com.pt\/en\/wp-json\/wp\/v2\/comments?post=1346"}],"wp:featuredmedia":[{"embeddable":true,"href":"https:\/\/dogspa.com.pt\/en\/wp-json\/wp\/v2\/media\/1352"}],"wp:attachment":[{"href":"https:\/\/dogspa.com.pt\/en\/wp-json\/wp\/v2\/media?parent=1346"}],"wp:term":[{"taxonomy":"product_cat","embeddable":true,"href":"https:\/\/dogspa.com.pt\/en\/wp-json\/wp\/v2\/product_cat?post=1346"},{"taxonomy":"product_tag","embeddable":true,"href":"https:\/\/dogspa.com.pt\/en\/wp-json\/wp\/v2\/product_tag?post=1346"}],"curies":[{"name":"wp","href":"https:\/\/api.w.org\/{rel}","templated":true}]}}