{"id":1338,"date":"2023-04-08T15:58:36","date_gmt":"2023-04-08T14:58:36","guid":{"rendered":"https:\/\/dogspa.com.pt\/?post_type=product&#038;p=1338"},"modified":"2023-04-08T17:28:19","modified_gmt":"2023-04-08T16:28:19","slug":"manta-polar-laslo","status":"publish","type":"product","link":"https:\/\/dogspa.com.pt\/en\/loja\/cao\/acessorios-para-casa\/manta-polar-laslo\/","title":{"rendered":"Manta polar Laslo"},"content":{"rendered":"<pre>- Malha polar macia\r\n- Extra macio e aconchegante\r\n- Protege sof\u00e1s e outros de pelos e sujidade do animal\r\n- Indicado para animais com alergias: a temperatura de lavagem de 60 \u00b0C, elimina todos os \u00e1caros e remove os res\u00edduos de pele e p\u00f3len<\/pre>\n","protected":false},"excerpt":{"rendered":"<p>&#8211; Malha polar macia &#8211; Extra macio e aconchegante &#8211; Protege sof\u00e1s e outros de pelos e sujidade do animal &#8211; Indicado para animais com alergias: a temperatura de lavagem de 60 \u00b0C, elimina todos os \u00e1caros e remove os res\u00edduos de pele e p\u00f3len<\/p>\n","protected":false},"featured_media":1342,"comment_status":"closed","ping_status":"closed","template":"","meta":[],"product_cat":[28,27],"product_tag":[],"_links":{"self":[{"href":"https:\/\/dogspa.com.pt\/en\/wp-json\/wp\/v2\/product\/1338"}],"collection":[{"href":"https:\/\/dogspa.com.pt\/en\/wp-json\/wp\/v2\/product"}],"about":[{"href":"https:\/\/dogspa.com.pt\/en\/wp-json\/wp\/v2\/types\/product"}],"replies":[{"embeddable":true,"href":"https:\/\/dogspa.com.pt\/en\/wp-json\/wp\/v2\/comments?post=1338"}],"wp:featuredmedia":[{"embeddable":true,"href":"https:\/\/dogspa.com.pt\/en\/wp-json\/wp\/v2\/media\/1342"}],"wp:attachment":[{"href":"https:\/\/dogspa.com.pt\/en\/wp-json\/wp\/v2\/media?parent=1338"}],"wp:term":[{"taxonomy":"product_cat","embeddable":true,"href":"https:\/\/dogspa.com.pt\/en\/wp-json\/wp\/v2\/product_cat?post=1338"},{"taxonomy":"product_tag","embeddable":true,"href":"https:\/\/dogspa.com.pt\/en\/wp-json\/wp\/v2\/product_tag?post=1338"}],"curies":[{"name":"wp","href":"https:\/\/api.w.org\/{rel}","templated":true}]}}