{"id":1303,"date":"2023-03-18T19:20:29","date_gmt":"2023-03-18T19:20:29","guid":{"rendered":"https:\/\/dogspa.com.pt\/?post_type=product&#038;p=1303"},"modified":"2023-08-11T16:52:56","modified_gmt":"2023-08-11T15:52:56","slug":"advance-cao-adulto-mini","status":"publish","type":"product","link":"https:\/\/dogspa.com.pt\/en\/loja\/cao\/alimentacao\/advance-cao-adulto-mini\/","title":{"rendered":"Advance C\u00e3o Adulto Mini Arroz e Frango"},"content":{"rendered":"<p>Os c\u00e3es adultos de ra\u00e7as de pequeno porte\u00a0 (at\u00e9 10kg) necessitam de um alimento espec\u00edfico adaptado \u00e0s suas necessidades nutricionais.<\/p>\n<p>O ADVANCE Adult Mini \u00e9 um alimento de gama alta f\u00e1cil de digerir desenvolvido para satisfazer as suas necessidades espec\u00edficas que ajuda a refor\u00e7ar as suas defesas e barreiras naturais e ajuda a manter uma massa muscular \u00f3tima, a sa\u00fade dent\u00e1ria e intestinal, a pele saud\u00e1vel e o pelo brilhante.<\/p>\n<p>Al\u00e9m disso, o tamanho dos biscoitos Advance Adult Mini adapta-se ao tamanho da boca do seu cachorro Mini.<\/p>\n","protected":false},"excerpt":{"rendered":"<p>Os c\u00e3es adultos de ra\u00e7as de pequeno porte\u00a0 (at\u00e9 10kg) necessitam de um alimento espec\u00edfico adaptado \u00e0s suas necessidades nutricionais. O ADVANCE Adult Mini \u00e9 um alimento de gama alta f\u00e1cil de digerir desenvolvido para satisfazer as suas necessidades espec\u00edficas que ajuda a refor\u00e7ar as suas defesas e barreiras naturais e ajuda a manter uma [&hellip;]<\/p>\n","protected":false},"featured_media":1291,"comment_status":"closed","ping_status":"closed","template":"","meta":[],"product_cat":[25],"product_tag":[],"_links":{"self":[{"href":"https:\/\/dogspa.com.pt\/en\/wp-json\/wp\/v2\/product\/1303"}],"collection":[{"href":"https:\/\/dogspa.com.pt\/en\/wp-json\/wp\/v2\/product"}],"about":[{"href":"https:\/\/dogspa.com.pt\/en\/wp-json\/wp\/v2\/types\/product"}],"replies":[{"embeddable":true,"href":"https:\/\/dogspa.com.pt\/en\/wp-json\/wp\/v2\/comments?post=1303"}],"wp:featuredmedia":[{"embeddable":true,"href":"https:\/\/dogspa.com.pt\/en\/wp-json\/wp\/v2\/media\/1291"}],"wp:attachment":[{"href":"https:\/\/dogspa.com.pt\/en\/wp-json\/wp\/v2\/media?parent=1303"}],"wp:term":[{"taxonomy":"product_cat","embeddable":true,"href":"https:\/\/dogspa.com.pt\/en\/wp-json\/wp\/v2\/product_cat?post=1303"},{"taxonomy":"product_tag","embeddable":true,"href":"https:\/\/dogspa.com.pt\/en\/wp-json\/wp\/v2\/product_tag?post=1303"}],"curies":[{"name":"wp","href":"https:\/\/api.w.org\/{rel}","templated":true}]}}