{"id":1298,"date":"2023-03-18T18:50:28","date_gmt":"2023-03-18T18:50:28","guid":{"rendered":"https:\/\/dogspa.com.pt\/?post_type=product&#038;p=1298"},"modified":"2023-08-11T16:49:25","modified_gmt":"2023-08-11T15:49:25","slug":"advance-cao-adulto-medio","status":"publish","type":"product","link":"https:\/\/dogspa.com.pt\/en\/loja\/cao\/advance-cao-adulto-medio\/","title":{"rendered":"Advance C\u00e3o Adulto M\u00e9dio Arroz e Frango"},"content":{"rendered":"<p>Os c\u00e3es adultos de ra\u00e7as de m\u00e9dio porte necessitam de um alimento espec\u00edfico adaptado \u00e0s suas necessidades nutricionais.<\/p>\n<p>O ADVANCE Adult Medium \u00e9 um alimento de gama alta f\u00e1cil de digerir desenvolvido para satisfazer as suas necessidades espec\u00edficas que ajuda a refor\u00e7ar as suas defesas e barreiras naturais e ajuda a manter uma massa muscular \u00f3tima, a sa\u00fade dent\u00e1ria e intestinal, a pele saud\u00e1vel e o pelo brilhante.<\/p>\n<p>Os biscoitos Advance Adult Medium foram especificamente adaptados a pensar no seu c\u00e3o adulto Medium<\/p>\n","protected":false},"excerpt":{"rendered":"<p>Os c\u00e3es adultos de ra\u00e7as de m\u00e9dio porte necessitam de um alimento espec\u00edfico adaptado \u00e0s suas necessidades nutricionais. O ADVANCE Adult Medium \u00e9 um alimento de gama alta f\u00e1cil de digerir desenvolvido para satisfazer as suas necessidades espec\u00edficas que ajuda a refor\u00e7ar as suas defesas e barreiras naturais e ajuda a manter uma massa muscular [&hellip;]<\/p>\n","protected":false},"featured_media":1289,"comment_status":"closed","ping_status":"closed","template":"","meta":[],"product_cat":[25,20],"product_tag":[],"_links":{"self":[{"href":"https:\/\/dogspa.com.pt\/en\/wp-json\/wp\/v2\/product\/1298"}],"collection":[{"href":"https:\/\/dogspa.com.pt\/en\/wp-json\/wp\/v2\/product"}],"about":[{"href":"https:\/\/dogspa.com.pt\/en\/wp-json\/wp\/v2\/types\/product"}],"replies":[{"embeddable":true,"href":"https:\/\/dogspa.com.pt\/en\/wp-json\/wp\/v2\/comments?post=1298"}],"wp:featuredmedia":[{"embeddable":true,"href":"https:\/\/dogspa.com.pt\/en\/wp-json\/wp\/v2\/media\/1289"}],"wp:attachment":[{"href":"https:\/\/dogspa.com.pt\/en\/wp-json\/wp\/v2\/media?parent=1298"}],"wp:term":[{"taxonomy":"product_cat","embeddable":true,"href":"https:\/\/dogspa.com.pt\/en\/wp-json\/wp\/v2\/product_cat?post=1298"},{"taxonomy":"product_tag","embeddable":true,"href":"https:\/\/dogspa.com.pt\/en\/wp-json\/wp\/v2\/product_tag?post=1298"}],"curies":[{"name":"wp","href":"https:\/\/api.w.org\/{rel}","templated":true}]}}