{"id":1286,"date":"2023-03-18T17:18:07","date_gmt":"2023-03-18T17:18:07","guid":{"rendered":"https:\/\/dogspa.com.pt\/?post_type=product&#038;p=1286"},"modified":"2023-08-06T17:56:16","modified_gmt":"2023-08-06T16:56:16","slug":"advance-gato-adulto-esterilizado","status":"publish","type":"product","link":"https:\/\/dogspa.com.pt\/en\/loja\/gato\/alimentacao-gato\/advance-gato-adulto-esterilizado\/","title":{"rendered":"Advance Gato adulto esterilizado"},"content":{"rendered":"<p>Quando esteriliza o seu gato \u00e9 muito importante cuidar a sua dieta proporcionando um alimento espec\u00edfico que se adapte \u00e0s suas necessidades, ajudando-o a controlar o peso, a conservar a sa\u00fade do trato urin\u00e1rio e a preservar a sua condi\u00e7\u00e3o f\u00edsica.<\/p>\n<p>O ADVANCE Sterilized Adult fortalece as defesas e as barreiras naturais do seu gato, mantendo um pH \u00f3timo da urina e prevenindo a forma\u00e7\u00e3o de t\u00e1rtaro. Al\u00e9m disso, gra\u00e7as \u00e0 sua f\u00f3rmula e aos seus ingredientes cuidadosamente selecionados, contribui para a sua sa\u00fade intestinal e ajuda a controlar o peso do seu gato.<\/p>\n<p>O ADVANCE Sterilized Adult \u00e9 especialmente recomendado para gatos esterilizados a partir do 1.\u00ba ano de vida<\/p>\n","protected":false},"excerpt":{"rendered":"<p>Advance para\u00a0 Gato Adulto Esterilizado Per\u00fa e arroz<\/p>\n","protected":false},"featured_media":1287,"comment_status":"closed","ping_status":"closed","template":"","meta":[],"product_cat":[26,21],"product_tag":[],"_links":{"self":[{"href":"https:\/\/dogspa.com.pt\/en\/wp-json\/wp\/v2\/product\/1286"}],"collection":[{"href":"https:\/\/dogspa.com.pt\/en\/wp-json\/wp\/v2\/product"}],"about":[{"href":"https:\/\/dogspa.com.pt\/en\/wp-json\/wp\/v2\/types\/product"}],"replies":[{"embeddable":true,"href":"https:\/\/dogspa.com.pt\/en\/wp-json\/wp\/v2\/comments?post=1286"}],"wp:featuredmedia":[{"embeddable":true,"href":"https:\/\/dogspa.com.pt\/en\/wp-json\/wp\/v2\/media\/1287"}],"wp:attachment":[{"href":"https:\/\/dogspa.com.pt\/en\/wp-json\/wp\/v2\/media?parent=1286"}],"wp:term":[{"taxonomy":"product_cat","embeddable":true,"href":"https:\/\/dogspa.com.pt\/en\/wp-json\/wp\/v2\/product_cat?post=1286"},{"taxonomy":"product_tag","embeddable":true,"href":"https:\/\/dogspa.com.pt\/en\/wp-json\/wp\/v2\/product_tag?post=1286"}],"curies":[{"name":"wp","href":"https:\/\/api.w.org\/{rel}","templated":true}]}}