{"id":1207,"date":"2022-12-29T17:30:01","date_gmt":"2022-12-29T17:30:01","guid":{"rendered":"https:\/\/dogspa.com.pt\/?post_type=product&#038;p=1207"},"modified":"2022-12-29T17:45:11","modified_gmt":"2022-12-29T17:45:11","slug":"apport-de-madeira","status":"publish","type":"product","link":"https:\/\/dogspa.com.pt\/en\/loja\/cao\/acessorios-de-treino\/apport-de-madeira\/","title":{"rendered":"Apport de madeira"},"content":{"rendered":"<p>Apport de madeira para obedi\u00eancia em faia e multiplex com pain\u00e9is laterais altos. O Apport \u00e9 colado com materiais e revestimento \u00e0 base de \u00e1gua de acordo com o DIN EN 71-3.<\/p>\n<p>Dimens\u00f5es:<\/p>\n<p>&#8211; 140 x 140 mm, ponte 120 x 30 mm, peso: aprox. 435g<br \/>\n&#8211; 120 x 120 mm, ponte 110 x 30 mm, peso: aprox. 350g<br \/>\n&#8211; 100 x 100 mm, web 90 x 25 mm, peso: aprox. 230g<br \/>\n&#8211; 80 x 80 mm, ponte 80 x 25 mm, peso: aprox. 155g<br \/>\n&#8211; 60 x 60 mm, ponte 70 x 20 mm, peso: aprox. 85g<\/p>\n","protected":false},"excerpt":{"rendered":"<p>Apport de madeira para obedi\u00eancia em faia e multiplex com pain\u00e9is laterais altos. O Apport \u00e9 colado com materiais e revestimento \u00e0 base de \u00e1gua de acordo com o DIN EN 71-3. Dimens\u00f5es: &#8211; 140 x 140 mm, ponte 120 x 30 mm, peso: aprox. 435g &#8211; 120 x 120 mm, ponte 110 x 30 [&hellip;]<\/p>\n","protected":false},"featured_media":1208,"comment_status":"closed","ping_status":"closed","template":"","meta":[],"product_cat":[31],"product_tag":[],"_links":{"self":[{"href":"https:\/\/dogspa.com.pt\/en\/wp-json\/wp\/v2\/product\/1207"}],"collection":[{"href":"https:\/\/dogspa.com.pt\/en\/wp-json\/wp\/v2\/product"}],"about":[{"href":"https:\/\/dogspa.com.pt\/en\/wp-json\/wp\/v2\/types\/product"}],"replies":[{"embeddable":true,"href":"https:\/\/dogspa.com.pt\/en\/wp-json\/wp\/v2\/comments?post=1207"}],"wp:featuredmedia":[{"embeddable":true,"href":"https:\/\/dogspa.com.pt\/en\/wp-json\/wp\/v2\/media\/1208"}],"wp:attachment":[{"href":"https:\/\/dogspa.com.pt\/en\/wp-json\/wp\/v2\/media?parent=1207"}],"wp:term":[{"taxonomy":"product_cat","embeddable":true,"href":"https:\/\/dogspa.com.pt\/en\/wp-json\/wp\/v2\/product_cat?post=1207"},{"taxonomy":"product_tag","embeddable":true,"href":"https:\/\/dogspa.com.pt\/en\/wp-json\/wp\/v2\/product_tag?post=1207"}],"curies":[{"name":"wp","href":"https:\/\/api.w.org\/{rel}","templated":true}]}}