{"id":1204,"date":"2022-12-29T17:08:20","date_gmt":"2022-12-29T17:08:20","guid":{"rendered":"https:\/\/dogspa.com.pt\/?post_type=product&#038;p=1204"},"modified":"2022-12-29T17:16:47","modified_gmt":"2022-12-29T17:16:47","slug":"apport-madeira-principiante","status":"publish","type":"product","link":"https:\/\/dogspa.com.pt\/en\/loja\/outros\/apport-madeira-principiante\/","title":{"rendered":"Apport madeira principiante"},"content":{"rendered":"<p>Start-Apportel para a realiza\u00e7\u00e3o de treinos\u00a0 de obedi\u00eancia. Fabricados em madeira maci\u00e7a (faia) e uma corda PPM (n\u00e3o t\u00f3xica, robusta, resistente \u00e0s intemp\u00e9ries, seguras para seres humanos e animais -OEKO-TEX\u00ae-).<\/p>\n<p>&nbsp;<\/p>\n<p>Dimens\u00f5es:<br \/>\nComprimento: 140 mm, di\u00e2metro: 30 mm<\/p>\n","protected":false},"excerpt":{"rendered":"<p>Start-Apportel para a realiza\u00e7\u00e3o de treinos\u00a0 de obedi\u00eancia. Fabricados em madeira maci\u00e7a (faia) e uma corda PPM (n\u00e3o t\u00f3xica, robusta, resistente \u00e0s intemp\u00e9ries, seguras para seres humanos e animais -OEKO-TEX\u00ae-). &nbsp; Dimens\u00f5es: Comprimento: 140 mm, di\u00e2metro: 30 mm<\/p>\n","protected":false},"featured_media":1205,"comment_status":"closed","ping_status":"closed","template":"","meta":[],"product_cat":[31,15],"product_tag":[],"_links":{"self":[{"href":"https:\/\/dogspa.com.pt\/en\/wp-json\/wp\/v2\/product\/1204"}],"collection":[{"href":"https:\/\/dogspa.com.pt\/en\/wp-json\/wp\/v2\/product"}],"about":[{"href":"https:\/\/dogspa.com.pt\/en\/wp-json\/wp\/v2\/types\/product"}],"replies":[{"embeddable":true,"href":"https:\/\/dogspa.com.pt\/en\/wp-json\/wp\/v2\/comments?post=1204"}],"wp:featuredmedia":[{"embeddable":true,"href":"https:\/\/dogspa.com.pt\/en\/wp-json\/wp\/v2\/media\/1205"}],"wp:attachment":[{"href":"https:\/\/dogspa.com.pt\/en\/wp-json\/wp\/v2\/media?parent=1204"}],"wp:term":[{"taxonomy":"product_cat","embeddable":true,"href":"https:\/\/dogspa.com.pt\/en\/wp-json\/wp\/v2\/product_cat?post=1204"},{"taxonomy":"product_tag","embeddable":true,"href":"https:\/\/dogspa.com.pt\/en\/wp-json\/wp\/v2\/product_tag?post=1204"}],"curies":[{"name":"wp","href":"https:\/\/api.w.org\/{rel}","templated":true}]}}