{"id":1180,"date":"2022-12-28T16:14:37","date_gmt":"2022-12-28T16:14:37","guid":{"rendered":"https:\/\/dogspa.com.pt\/?post_type=product&#038;p=1180"},"modified":"2022-12-28T16:31:21","modified_gmt":"2022-12-28T16:31:21","slug":"mordedor-de-busca-demanet","status":"publish","type":"product","link":"https:\/\/dogspa.com.pt\/en\/loja\/outros\/mordedor-de-busca-demanet\/","title":{"rendered":"Mordedor de busca Demanet"},"content":{"rendered":"<div class=\"module--translations-translatedtext js-module--translations-translatedtext is-placeholder\" data-size=\"s\">O mordedor de busca tem uma forma de bola muito especial para ser atirada muito facilmente sem qualquer carga no ombro, adaptada para todos os tipos de c\u00e3es. \u00c9 feito de um mordedor redondo com uma pega comprida que serve para recompensar c\u00e3es.<\/div>\n<div class=\"module--translations-translatedtext js-module--translations-translatedtext is-placeholder\" data-size=\"s\">Feito de tecido Demanet, tecido de alta qualidade, \u00fanico e exclusivo.<\/div>\n<div class=\"module--translations-translatedtext js-module--translations-translatedtext is-placeholder\" data-size=\"s\">Cores: tecido Demanet.<\/div>\n<div class=\"module--translations-translatedtext js-module--translations-translatedtext is-placeholder\" data-size=\"s\">Feito na Europa.<\/div>\n","protected":false},"excerpt":{"rendered":"<p>O mordedor de busca tem uma forma de bola muito especial para ser atirada muito facilmente sem qualquer carga no ombro, adaptada para todos os tipos de c\u00e3es. \u00c9 feito de um mordedor redondo com uma pega comprida que serve para recompensar c\u00e3es. Feito de tecido Demanet, tecido de alta qualidade, \u00fanico e exclusivo. Cores: [&hellip;]<\/p>\n","protected":false},"featured_media":1181,"comment_status":"closed","ping_status":"closed","template":"","meta":[],"product_cat":[15],"product_tag":[],"_links":{"self":[{"href":"https:\/\/dogspa.com.pt\/en\/wp-json\/wp\/v2\/product\/1180"}],"collection":[{"href":"https:\/\/dogspa.com.pt\/en\/wp-json\/wp\/v2\/product"}],"about":[{"href":"https:\/\/dogspa.com.pt\/en\/wp-json\/wp\/v2\/types\/product"}],"replies":[{"embeddable":true,"href":"https:\/\/dogspa.com.pt\/en\/wp-json\/wp\/v2\/comments?post=1180"}],"wp:featuredmedia":[{"embeddable":true,"href":"https:\/\/dogspa.com.pt\/en\/wp-json\/wp\/v2\/media\/1181"}],"wp:attachment":[{"href":"https:\/\/dogspa.com.pt\/en\/wp-json\/wp\/v2\/media?parent=1180"}],"wp:term":[{"taxonomy":"product_cat","embeddable":true,"href":"https:\/\/dogspa.com.pt\/en\/wp-json\/wp\/v2\/product_cat?post=1180"},{"taxonomy":"product_tag","embeddable":true,"href":"https:\/\/dogspa.com.pt\/en\/wp-json\/wp\/v2\/product_tag?post=1180"}],"curies":[{"name":"wp","href":"https:\/\/api.w.org\/{rel}","templated":true}]}}