{"id":1173,"date":"2022-12-28T15:50:35","date_gmt":"2022-12-28T15:50:35","guid":{"rendered":"https:\/\/dogspa.com.pt\/?post_type=product&#038;p=1173"},"modified":"2022-12-28T15:55:19","modified_gmt":"2022-12-28T15:55:19","slug":"colete-de-treino-caes-demanet","status":"publish","type":"product","link":"https:\/\/dogspa.com.pt\/en\/loja\/outros\/colete-de-treino-caes-demanet\/","title":{"rendered":"Colete de treino c\u00e3es Demanet"},"content":{"rendered":"<div class=\"module--translations-translatedtext js-module--translations-translatedtext\" data-size=\"s\">Pr\u00e1tico, leve e dur\u00e1vel, com v\u00e1rios bolsos funcionais na parte da frente e atr\u00e1s para armazenar acess\u00f3rios para recompensar o seu c\u00e3o durante o treino. Bolso de tr\u00e1s. Antiest\u00e1tico, excelente resist\u00eancia, imperme\u00e1vel, respira\u00e7\u00e3o m\u00e1xima, protege do vento e dos arranh\u00f5es. Diferente disponibilidade de cores. Tamanho de S a 3XL. Cria\u00e7\u00e3o de conceitos na Europa.<\/div>\n<div data-size=\"s\"><\/div>\n<div data-size=\"s\">\n<div class=\"nectar-sticky-prod-wrap\">\n<div class=\"span_7 col col_last single-product-summary\">\n<div class=\"theiaStickySidebar\">\n<div class=\"woocommerce-tabs wc-tabs-wrapper \" data-tab-style=\"in_sidebar\">\n<div id=\"tab-description\" class=\"woocommerce-Tabs-panel woocommerce-Tabs-panel--description panel entry-content wc-tab\" role=\"tabpanel\" aria-labelledby=\"tab-title-description\">\n<p>&nbsp;<\/p>\n<table width=\"639\">\n<tbody>\n<tr>\n<td width=\"191\"><\/td>\n<td width=\"83\">S<\/td>\n<td width=\"83\">M<\/td>\n<td width=\"83\">L<\/td>\n<td width=\"83\">XL<\/td>\n<td width=\"83\">2XL<\/td>\n<td width=\"83\">3XL<\/td>\n<\/tr>\n<tr>\n<td>Peito (A)<\/td>\n<td>57 cm<\/td>\n<td>60 cm<\/td>\n<td>64 cm<\/td>\n<td>68 cm<\/td>\n<td>70 cm<\/td>\n<td>72 cm<\/td>\n<\/tr>\n<tr>\n<td>Cintura (B)<\/td>\n<td>56 cm<\/td>\n<td>60 cm<\/td>\n<td>63 cm<\/td>\n<td>64 cm<\/td>\n<td>70 cm<\/td>\n<td>72 cm<\/td>\n<\/tr>\n<tr>\n<td>Ombros (C)<\/td>\n<td>51 cm<\/td>\n<td>53 cm<\/td>\n<td>55 cm<\/td>\n<td>58 cm<\/td>\n<td>59 cm<\/td>\n<td>62 cm<\/td>\n<\/tr>\n<tr>\n<td>Comprimento (D)<\/td>\n<td>79 cm<\/td>\n<td>79 cm<\/td>\n<td>81 cm<\/td>\n<td>83 cm<\/td>\n<td>82 cm<\/td>\n<td>84 cm<\/td>\n<\/tr>\n<\/tbody>\n<\/table>\n<p>&nbsp;<\/p>\n<\/div>\n<\/div>\n<\/div>\n<\/div>\n<\/div>\n<div class=\"clear\"><\/div>\n<\/div>\n","protected":false},"excerpt":{"rendered":"<p>Pr\u00e1tico, leve e dur\u00e1vel, com v\u00e1rios bolsos funcionais na parte da frente e atr\u00e1s para armazenar acess\u00f3rios para recompensar o seu c\u00e3o durante o treino. Bolso de tr\u00e1s. Antiest\u00e1tico, excelente resist\u00eancia, imperme\u00e1vel, respira\u00e7\u00e3o m\u00e1xima, protege do vento e dos arranh\u00f5es. Diferente disponibilidade de cores. Tamanho de S a 3XL. Cria\u00e7\u00e3o de conceitos na Europa. &nbsp; [&hellip;]<\/p>\n","protected":false},"featured_media":1174,"comment_status":"closed","ping_status":"closed","template":"","meta":[],"product_cat":[31,83,15],"product_tag":[],"_links":{"self":[{"href":"https:\/\/dogspa.com.pt\/en\/wp-json\/wp\/v2\/product\/1173"}],"collection":[{"href":"https:\/\/dogspa.com.pt\/en\/wp-json\/wp\/v2\/product"}],"about":[{"href":"https:\/\/dogspa.com.pt\/en\/wp-json\/wp\/v2\/types\/product"}],"replies":[{"embeddable":true,"href":"https:\/\/dogspa.com.pt\/en\/wp-json\/wp\/v2\/comments?post=1173"}],"wp:featuredmedia":[{"embeddable":true,"href":"https:\/\/dogspa.com.pt\/en\/wp-json\/wp\/v2\/media\/1174"}],"wp:attachment":[{"href":"https:\/\/dogspa.com.pt\/en\/wp-json\/wp\/v2\/media?parent=1173"}],"wp:term":[{"taxonomy":"product_cat","embeddable":true,"href":"https:\/\/dogspa.com.pt\/en\/wp-json\/wp\/v2\/product_cat?post=1173"},{"taxonomy":"product_tag","embeddable":true,"href":"https:\/\/dogspa.com.pt\/en\/wp-json\/wp\/v2\/product_tag?post=1173"}],"curies":[{"name":"wp","href":"https:\/\/api.w.org\/{rel}","templated":true}]}}