{"id":1166,"date":"2022-12-28T15:34:24","date_gmt":"2022-12-28T15:34:24","guid":{"rendered":"https:\/\/dogspa.com.pt\/?post_type=product&#038;p=1166"},"modified":"2022-12-28T15:36:08","modified_gmt":"2022-12-28T15:36:08","slug":"arranhador-gatos-wavy","status":"publish","type":"product","link":"https:\/\/dogspa.com.pt\/en\/loja\/gato\/acessorios-para-casa-gato\/arranhador-gatos-wavy\/","title":{"rendered":"Arranhador gatos &#8220;Wavy&#8221;"},"content":{"rendered":"<p>Arranhador para gatos &#8220;Wavy&#8221;. Cor bege e natural<\/p>\n","protected":false},"excerpt":{"rendered":"<p>O arranhador \u0093Wavy\u0094 da Trixie \u00e9 perfeito para qualquer divis\u00e3o, gra\u00e7as ao seu tamanho e formato. Essencialmente vocacionado para satisfazer as necessidades do seu gato quanto ao arranhar (superf\u00edcie em sisal), este produto disponibiliza ainda uma zona de descanso, gra\u00e7as ao forro em pel\u00facia (poli\u00e9ster). Esta pode ser a ferramenta chave para distrair o seu gato de m\u00f3veis e decora\u00e7\u00f5es, sendo um objeto de f\u00e1cil transporte e o complemento ideal ao tradicional trepador ou nicho.<\/p>\n<p>ESPECIFICA\u00c7\u00d5ES:<\/p>\n<p>&#8211; Ideal para pequenas divis\u00f5es<\/p>\n<p>&#8211; Forrado em pel\u00facia (poli\u00e9ster) e em sisal<\/p>\n<p>&#8211; Dimens\u00f5es: 29 x 18 x 50 cm<\/p>\n","protected":false},"featured_media":1167,"comment_status":"closed","ping_status":"closed","template":"","meta":[],"product_cat":[28,34],"product_tag":[],"_links":{"self":[{"href":"https:\/\/dogspa.com.pt\/en\/wp-json\/wp\/v2\/product\/1166"}],"collection":[{"href":"https:\/\/dogspa.com.pt\/en\/wp-json\/wp\/v2\/product"}],"about":[{"href":"https:\/\/dogspa.com.pt\/en\/wp-json\/wp\/v2\/types\/product"}],"replies":[{"embeddable":true,"href":"https:\/\/dogspa.com.pt\/en\/wp-json\/wp\/v2\/comments?post=1166"}],"wp:featuredmedia":[{"embeddable":true,"href":"https:\/\/dogspa.com.pt\/en\/wp-json\/wp\/v2\/media\/1167"}],"wp:attachment":[{"href":"https:\/\/dogspa.com.pt\/en\/wp-json\/wp\/v2\/media?parent=1166"}],"wp:term":[{"taxonomy":"product_cat","embeddable":true,"href":"https:\/\/dogspa.com.pt\/en\/wp-json\/wp\/v2\/product_cat?post=1166"},{"taxonomy":"product_tag","embeddable":true,"href":"https:\/\/dogspa.com.pt\/en\/wp-json\/wp\/v2\/product_tag?post=1166"}],"curies":[{"name":"wp","href":"https:\/\/api.w.org\/{rel}","templated":true}]}}