{"id":1160,"date":"2022-12-28T15:25:59","date_gmt":"2022-12-28T15:25:59","guid":{"rendered":"https:\/\/dogspa.com.pt\/?post_type=product&#038;p=1160"},"modified":"2023-01-04T19:09:28","modified_gmt":"2023-01-04T19:09:28","slug":"transportadora-arame-para-caes","status":"publish","type":"product","link":"https:\/\/dogspa.com.pt\/en\/loja\/cao\/acessorios-para-casa\/transportadora-arame-para-caes\/","title":{"rendered":"Transportadora arame para c\u00e3es\/gatos"},"content":{"rendered":"<p>Transportadora em arame com duas portas para c\u00e3es ou gatos. 93x69x62cm<\/p>\n<pre>- Galvanizada\r\n- Com 2 portas e tabuleiro em pl\u00e1stico\r\n- Abertura lateral e frontal\r\n- Dobr\u00e1vel e f\u00e1cil de arrumar<\/pre>\n","protected":false},"excerpt":{"rendered":"<p>Transportadora em arame com duas portas para c\u00e3es ou gatos. 93x69x62cm &#8211; Galvanizada &#8211; Com 2 portas e tabuleiro em pl\u00e1stico &#8211; Abertura lateral e frontal &#8211; Dobr\u00e1vel e f\u00e1cil de arrumar<\/p>\n","protected":false},"featured_media":1161,"comment_status":"closed","ping_status":"closed","template":"","meta":[],"product_cat":[27,28,36,37],"product_tag":[],"_links":{"self":[{"href":"https:\/\/dogspa.com.pt\/en\/wp-json\/wp\/v2\/product\/1160"}],"collection":[{"href":"https:\/\/dogspa.com.pt\/en\/wp-json\/wp\/v2\/product"}],"about":[{"href":"https:\/\/dogspa.com.pt\/en\/wp-json\/wp\/v2\/types\/product"}],"replies":[{"embeddable":true,"href":"https:\/\/dogspa.com.pt\/en\/wp-json\/wp\/v2\/comments?post=1160"}],"wp:featuredmedia":[{"embeddable":true,"href":"https:\/\/dogspa.com.pt\/en\/wp-json\/wp\/v2\/media\/1161"}],"wp:attachment":[{"href":"https:\/\/dogspa.com.pt\/en\/wp-json\/wp\/v2\/media?parent=1160"}],"wp:term":[{"taxonomy":"product_cat","embeddable":true,"href":"https:\/\/dogspa.com.pt\/en\/wp-json\/wp\/v2\/product_cat?post=1160"},{"taxonomy":"product_tag","embeddable":true,"href":"https:\/\/dogspa.com.pt\/en\/wp-json\/wp\/v2\/product_tag?post=1160"}],"curies":[{"name":"wp","href":"https:\/\/api.w.org\/{rel}","templated":true}]}}