{"id":490,"date":"2022-10-13T08:55:38","date_gmt":"2022-10-13T07:55:38","guid":{"rendered":"https:\/\/ds.kustomhides.com\/refund-and-returns-policy\/"},"modified":"2022-12-13T21:45:27","modified_gmt":"2022-12-13T21:45:27","slug":"refund-and-returns-policy","status":"publish","type":"page","link":"https:\/\/dogspa.com.pt\/en\/refund-and-returns-policy\/","title":{"rendered":"Terms and Conditions"},"content":{"rendered":"\n<h4 class=\"wp-block-heading\">Termos e Condi\u00e7\u00f5es<\/h4>\n\n<p>Bem-vindo a DogSpa!<\/p>\n\n<p>Estes termos e condi\u00e7\u00f5es descrevem as regras e regulamentos para o uso do site de DogSpa, localizado em https:\/\/dogspa.com.pt.<\/p>\n\n<p>Ao aceder a este site, presumimos que aceita estes termos e condi\u00e7\u00f5es. N\u00e3o continue a usar DogSpa se n\u00e3o concordar com todos os termos e condi\u00e7\u00f5es declarados nesta p\u00e1gina.<\/p>\n\n<h4 class=\"wp-block-heading\">Cookies:<\/h4>\n\n<p>O site usa cookies para ajudar a personalizar a sua experi\u00eancia online. Ao aceder DogSpa, concordou em usar os cookies necess\u00e1rios.<\/p>\n\n<p>Um cookie \u00e9 um arquivo de texto colocado no seu disco r\u00edgido por um servidor de p\u00e1ginas web. Os cookies n\u00e3o podem ser usados para executar programas ou enviar v\u00edrus para o seu computador. Os cookies s\u00e3o atribu\u00eddos exclusivamente a si e s\u00f3 podem ser lidos por um servidor web no dom\u00ednio que emitiu o cookie.<\/p>\n\n<p>Podemos usar cookies para recolher, armazenar e rastrear informa\u00e7\u00f5es para fins estat\u00edsticos ou de marketing para operar o nosso site. Tem a op\u00e7\u00e3o de aceitar ou recusar Cookies opcionais. Existem alguns Cookies necess\u00e1rios para o funcionamento do nosso site. Esses cookies n\u00e3o exigem o seu consentimento. Lembre-se de que, ao aceitar os cookies necess\u00e1rios, tamb\u00e9m aceita cookies de terceiros, que podem ser usados por meio de servi\u00e7os fornecidos por terceiros se usar esses servi\u00e7os no nosso site, por exemplo, uma janela de exibi\u00e7\u00e3o de v\u00eddeo fornecida por terceiros e integrada no nosso site.<\/p>\n\n<h4 class=\"wp-block-heading\">Licen\u00e7a:<\/h4>\n\n<p>Salvo indica\u00e7\u00e3o em contr\u00e1rio, DogSpa e\/ou os seus licenciados possuem os direitos de propriedade intelectual de todo o material em DogSpa. Todos os direitos de propriedade intelectual s\u00e3o reservados. Pode aceder de DogSpa para o seu uso pessoal sujeito \u00e0s restri\u00e7\u00f5es definidas nestes termos e condi\u00e7\u00f5es.<\/p>\n\n<p>N\u00e3o deve:<\/p>\n\n<ul>\n<li>Copiar ou republicar o material de DogSpa<\/li>\n\n\n\n<li>Vender, alugar ou sublicenciar o material de DogSpa<\/li>\n\n\n\n<li>Reproduzir, duplicar ou copiar o material de DogSpa<\/li>\n\n\n\n<li>Redistribuir o conte\u00fado de DogSpa<\/li>\n<\/ul>\n\n<p>Este acordo deve iniciar na data deste documento.<\/p>\n\n<p>Partes deste site oferecem aos utilizadores a oportunidade de postar e trocar opini\u00f5es e informa\u00e7\u00f5es em certas \u00e1reas do site. DogSpa n\u00e3o filtra, edita, publica ou analisa os coment\u00e1rios no site. Os coment\u00e1rios n\u00e3o refletem as vis\u00f5es e opini\u00f5es de DogSpa, seus agentes e\/ou afiliados. Os coment\u00e1rios refletem os pontos de vista e as opini\u00f5es da pessoa que posta os seus pontos de vista e opini\u00f5es. Na medida do permitido pelas leis aplic\u00e1veis, DogSpa n\u00e3o ser\u00e1 respons\u00e1vel pelos coment\u00e1rios ou qualquer responsabilidade, danos ou despesas causados e\/ou sofridos como resultado de qualquer uso e\/ou publica\u00e7\u00e3o e\/ou apar\u00eancia de coment\u00e1rios neste site.<\/p>\n\n<p>DogSpa reserva-se o direito de monitorizar todos os coment\u00e1rios e remover quaisquer coment\u00e1rios que possam ser considerados inadequados, ofensivos ou que causem viola\u00e7\u00e3o destes Termos e Condi\u00e7\u00f5es.<\/p>\n\n<p>Garante e declara que:<\/p>\n\n<ul>\n<li>tem o direito de postar os coment\u00e1rios no nosso site e tem todas as licen\u00e7as e consentimentos necess\u00e1rios para faz\u00ea-lo;<\/li>\n\n\n\n<li>os coment\u00e1rios n\u00e3o invadem nenhum direito de propriedade intelectual, incluindo, sem limita\u00e7\u00e3o, direitos de autor, patentes ou marcas comerciais de terceiros;<\/li>\n\n\n\n<li>os coment\u00e1rios n\u00e3o cont\u00eam nenhum material difamat\u00f3rio, calunioso, ofensivo, indecente ou de outra forma ilegal, o que constitui uma invas\u00e3o de privacidade.<\/li>\n\n\n\n<li>os coment\u00e1rios n\u00e3o ser\u00e3o usados para solicitar ou promover neg\u00f3cios ou customizar ou apresentar atividades comerciais ou atividades ilegais.<\/li>\n<\/ul>\n\n<p>Concede a DogSpa uma licen\u00e7a n\u00e3o exclusiva para usar, reproduzir, editar e autorizar outros a usar, reproduzir e editar qualquer um de seus coment\u00e1rios em todas e quaisquer formas, formatos, ou m\u00eddia.<\/p>\n\n<h4 class=\"wp-block-heading\">Hiperlinks para o nosso conte\u00fado:<\/h4>\n\n<p>As seguintes organiza\u00e7\u00f5es podem vincular-se ao nosso site sem aprova\u00e7\u00e3o pr\u00e9via por escrito:<\/p>\n\n<ul>\n<li>Ag\u00eancias governamentais;<\/li>\n\n\n\n<li>Mecanismos de pesquisa;<\/li>\n\n\n\n<li>Organiza\u00e7\u00f5es de not\u00edcias;<\/li>\n\n\n\n<li>Os distribuidores de diret\u00f3rios online podem ter links para o nosso site da mesma maneira que fazem um hiperlink para sites de outras empresas listadas; e<\/li>\n\n\n\n<li>Neg\u00f3cios credenciados em todo o sistema, exceto a solicita\u00e7\u00e3o de organiza\u00e7\u00f5es sem fins lucrativos, centros de caridade e grupos de angaria\u00e7\u00e3o de fundos de caridade que n\u00e3o podem ter um link para o nosso site.<\/li>\n<\/ul>\n\n<p>Essas organiza\u00e7\u00f5es podem incluir links para a nossa p\u00e1gina inicial, publica\u00e7\u00f5es ou outras informa\u00e7\u00f5es do site, desde que o link: (a) n\u00e3o seja de forma alguma enganoso; (b) n\u00e3o implique falsamente um patroc\u00ednio, endosso ou aprova\u00e7\u00e3o da parte vinculante e de seus produtos e\/ou servi\u00e7os; e (c) se enquadra no contexto do site da parte vinculante.<\/p>\n\n<p>Podemos considerar e aprovar outras solicita\u00e7\u00f5es de links dos seguintes tipos de organiza\u00e7\u00f5es:<\/p>\n\n<ul>\n<li>fontes de informa\u00e7\u00f5es comerciais e \/ ou de consumidores comumente conhecidas;<\/li>\n\n\n\n<li>sites da comunidade dot.com;<\/li>\n\n\n\n<li>associa\u00e7\u00f5es ou outros grupos que representam institui\u00e7\u00f5es de caridade;<\/li>\n\n\n\n<li>distribuidores de diret\u00f3rios online;<\/li>\n\n\n\n<li>portais de internet;<\/li>\n\n\n\n<li>firmas de contabilidade, advocacia e consultoria; e<\/li>\n\n\n\n<li>institui\u00e7\u00f5es educacionais e associa\u00e7\u00f5es comerciais.<\/li>\n<\/ul>\n\n<p>Aprovaremos as solicita\u00e7\u00f5es de link dessas organiza\u00e7\u00f5es se decidirmos que: (a) o link n\u00e3o nos faria parecer desfavoravelmente para n\u00f3s mesmos ou para nossos neg\u00f3cios credenciados; (b) a organiza\u00e7\u00e3o n\u00e3o possui registros negativos conosco; (c) o benef\u00edcio para n\u00f3s da visibilidade do hiperlink compensa a aus\u00eancia de DogSpa; e (d) o link est\u00e1 no contexto de informa\u00e7\u00f5es gerais de recursos.<\/p>\n\n<p>Essas organiza\u00e7\u00f5es podem ter um link para nossa p\u00e1gina inicial, desde que o link: (a) n\u00e3o seja de forma alguma enganoso; (b) n\u00e3o implique falsamente em patroc\u00ednio, endosso ou aprova\u00e7\u00e3o da parte vinculante e de seus produtos ou servi\u00e7os; e (c) se enquadra no contexto do site da parte vinculante.<\/p>\n\n<p>Se \u00e9 uma das organiza\u00e7\u00f5es listadas no par\u00e1grafo 2 acima e est\u00e1 interessado em criar um link para o nosso site, deve-nos informar enviando um email para DogSpa. Inclua o seu nome, o nome da sua organiza\u00e7\u00e3o, informa\u00e7\u00f5es de contato, bem como o URL do seu site, uma lista de todos os URLs dos quais pretende criar um link para o nosso site e uma lista dos URLs do nosso site aos quais gostaria de linkar. Espere 2 a 3 semanas por uma resposta.<\/p>\n\n<p>Organiza\u00e7\u00f5es aprovadas podem ter um hiperlink para nosso site da seguinte forma:<\/p>\n\n<ul>\n<li>Pelo uso do nosso nome corporativo; ou<\/li>\n\n\n\n<li>Pelo uso do localizador uniforme de recursos ao qual est\u00e1 vinculado; ou<\/li>\n\n\n\n<li>Usando qualquer outra descri\u00e7\u00e3o do nosso site vinculado que fa\u00e7a sentido dentro do contexto e formato do conte\u00fado do site da parte vinculante.<\/li>\n<\/ul>\n\n<p>N\u00e3o ser\u00e1 permitido o uso do logotipo da DogSpa ou outra arte para criar links na aus\u00eancia de um contrato de licen\u00e7a de marca registada.<\/p>\n\n<h4 class=\"wp-block-heading\">Responsabilidade pelo conte\u00fado:<\/h4>\n\n<p>N\u00e3o seremos responsabilizados por qualquer conte\u00fado que apare\u00e7a no seu site. Concorda em proteger-nos e defender contra todas as reclama\u00e7\u00f5es levantadas no seu site. Nenhum link deve aparecer em qualquer site que possa ser interpretado como calunioso, obsceno ou criminoso, ou que infrinja, de outra forma viole ou defenda a viola\u00e7\u00e3o ou outra viola\u00e7\u00e3o de quaisquer direitos de terceiros.<\/p>\n\n<h4 class=\"wp-block-heading\">Reserva de direitos:<\/h4>\n\n<p>Reservamos o direito de solicitar que remova todos os links ou qualquer link espec\u00edfico para o nosso site. Aprova a remo\u00e7\u00e3o imediata de todos os links para nosso site, mediante solicita\u00e7\u00e3o. Tamb\u00e9m nos reservamos o direito de alterar estes termos e condi\u00e7\u00f5es e a sua pol\u00edtica de vincula\u00e7\u00e3o a qualquer momento. Ao conectar-se continuamente ao nosso site, concorda em cumprir e seguir estes termos e condi\u00e7\u00f5es de vincula\u00e7\u00e3o.<\/p>\n\n<h4 class=\"wp-block-heading\">Remo\u00e7\u00e3o de links do nosso site:<\/h4>\n\n<p>Se encontrar algum link no nosso site que seja ofensivo por qualquer motivo, pode contactar-nos e informar-nos a qualquer momento. Consideraremos as solicita\u00e7\u00f5es de remo\u00e7\u00e3o de links, mas n\u00e3o somos obrigados a faz\u00ea-lo ou a responder diretamente.<\/p>\n\n<p>N\u00e3o garantimos que as informa\u00e7\u00f5es neste site sejam corretas. N\u00e3o garantimos sua integridade ou precis\u00e3o, nem prometemos garantir que o site permane\u00e7a dispon\u00edvel ou que o material nele contido seja mantido atualizado.<\/p>\n\n<h4 class=\"wp-block-heading\">Isen\u00e7\u00e3o de responsabilidade:<\/h4>\n\n<p>Na extens\u00e3o m\u00e1xima permitida pela lei aplic\u00e1vel, exclu\u00edmos todas as representa\u00e7\u00f5es, garantias e condi\u00e7\u00f5es relacionadas ao nosso site e ao uso deste site. Nada nesta isen\u00e7\u00e3o de responsabilidade:<\/p>\n\n<ul>\n<li>limitar\u00e1 ou excluir\u00e1 a nossa responsabilidade por morte ou danos pessoais;<\/li>\n\n\n\n<li>limitar ou excluir a nossa responsabilidade ou a sua responsabilidade por fraude ou deturpa\u00e7\u00e3o fraudulenta;<\/li>\n\n\n\n<li>limitar qualquer uma das nossas responsabilidades de qualquer forma que n\u00e3o seja permitida pela lei aplic\u00e1vel; ou<\/li>\n\n\n\n<li>excluir qualquer uma das nossas ou suas responsabilidades que n\u00e3o possam ser exclu\u00eddas sob a lei aplic\u00e1vel.<\/li>\n<\/ul>\n\n<p>As limita\u00e7\u00f5es e proibi\u00e7\u00f5es de responsabilidade definidas nesta se\u00e7\u00e3o e em outras partes desta isen\u00e7\u00e3o de responsabilidade: (a) est\u00e3o sujeitas ao par\u00e1grafo anterior; e (b) regem todas as responsabilidades decorrentes da isen\u00e7\u00e3o de responsabilidade, incluindo responsabilidades decorrentes de contratos, atos il\u00edcitos e por viola\u00e7\u00e3o de dever estatut\u00e1rio.<\/p>\n\n<p>Desde que o site e as informa\u00e7\u00f5es e servi\u00e7os nele fornecidos sejam gratuitos, n\u00e3o seremos respons\u00e1veis por perdas ou danos de qualquer natureza.<\/p>\n","protected":false},"excerpt":{"rendered":"<p>Termos e Condi\u00e7\u00f5es Bem-vindo a DogSpa! Estes termos e condi\u00e7\u00f5es descrevem as regras e regulamentos para o uso do site de DogSpa, localizado em https:\/\/dogspa.com.pt. Ao aceder a este site, presumimos que aceita estes termos e condi\u00e7\u00f5es. N\u00e3o continue a usar DogSpa se n\u00e3o concordar com todos os termos e condi\u00e7\u00f5es declarados nesta p\u00e1gina. Cookies: [&hellip;]<\/p>\n","protected":false},"author":1,"featured_media":0,"parent":0,"menu_order":0,"comment_status":"closed","ping_status":"closed","template":"","meta":{"footnotes":""},"_links":{"self":[{"href":"https:\/\/dogspa.com.pt\/en\/wp-json\/wp\/v2\/pages\/490"}],"collection":[{"href":"https:\/\/dogspa.com.pt\/en\/wp-json\/wp\/v2\/pages"}],"about":[{"href":"https:\/\/dogspa.com.pt\/en\/wp-json\/wp\/v2\/types\/page"}],"author":[{"embeddable":true,"href":"https:\/\/dogspa.com.pt\/en\/wp-json\/wp\/v2\/users\/1"}],"replies":[{"embeddable":true,"href":"https:\/\/dogspa.com.pt\/en\/wp-json\/wp\/v2\/comments?post=490"}],"version-history":[{"count":3,"href":"https:\/\/dogspa.com.pt\/en\/wp-json\/wp\/v2\/pages\/490\/revisions"}],"predecessor-version":[{"id":1041,"href":"https:\/\/dogspa.com.pt\/en\/wp-json\/wp\/v2\/pages\/490\/revisions\/1041"}],"wp:attachment":[{"href":"https:\/\/dogspa.com.pt\/en\/wp-json\/wp\/v2\/media?parent=490"}],"curies":[{"name":"wp","href":"https:\/\/api.w.org\/{rel}","templated":true}]}}